{"id":692,"date":"2024-07-18T17:59:42","date_gmt":"2024-07-18T21:59:42","guid":{"rendered":"https:\/\/precrisa.ca\/members\/"},"modified":"2025-06-24T11:48:23","modified_gmt":"2025-06-24T15:48:23","slug":"membres","status":"publish","type":"page","link":"https:\/\/precrisa.ca\/en\/membres\/","title":{"rendered":"Membres"},"content":{"rendered":"<script type=\"text\/template\" id=\"tmpl-um-member-grid-40a57\">\n\t<div class=\"um-members um-members-grid\">\n\t\t<div class=\"um-gutter-sizer\"><\/div>\n\n\t\t<# if ( data.length > 0 ) { #>\n\t\t\t<# _.each( data, function( user, key, list ) { #>\n\n\t\t\t\t<div id=\"um-member-{{{user.card_anchor}}}-40a57\" class=\"um-member um-role-{{{user.role}}} {{{user.account_status}}} \">\n\n\t\t\t\t\t<span class=\"um-member-status {{{user.account_status}}}\">\n\t\t\t\t\t\t{{{user.account_status_name}}}\n\t\t\t\t\t<\/span>\n\n\t\t\t\t\t\t\t\t\t\t\t<div class=\"um-member-photo radius-1\">\n\t\t\t\t\t\t\t<a href=\"{{{user.profile_url}}}\" title=\"<# if ( user.display_name ) { #>{{{user.display_name}}}<# } #>\">\n\t\t\t\t\t\t\t\t{{{user.avatar}}}\n\t\t\t\t\t\t\t\t\t\t\t\t\t\t\t<\/a>\n\t\t\t\t\t\t<\/div>\n\t\t\t\t\t\n\n\t\t\t\t\t<div class=\"um-member-card \">\n\t\t\t\t\t\t\t\t\t\t\t\t\t<# if ( user.display_name_html ) { #>\n\t\t\t\t\t\t\t\t<div class=\"um-member-name\">\n\t\t\t\t\t\t\t\t\t<a href=\"{{{user.profile_url}}}\" title=\"{{{user.display_name}}}\">\n\t\t\t\t\t\t\t\t\t\t{{{user.display_name_html}}}\n\t\t\t\t\t\t\t\t\t<\/a>\n\t\t\t\t\t\t\t\t<\/div>\n\t\t\t\t\t\t\t<# } #>\n\t\t\t\t\t\t\t\t\t\t\t\t{{{user.hook_just_after_name}}}\n\n\n\t\t\t\t\t\t<# if ( user.can_edit ) { #>\n\t\t\t\t\t\t\t<div class=\"um-members-edit-btn\">\n\t\t\t\t\t\t\t\t<a href=\"{{{user.edit_profile_url}}}\" class=\"um-edit-profile-btn um-button um-alt\">\n\t\t\t\t\t\t\t\t\tEdit profile\t\t\t\t\t\t\t\t<\/a>\n\t\t\t\t\t\t\t<\/div>\n\t\t\t\t\t\t<# } #>\n\n\n\t\t\t\t\t\t\t\t\t\t\t\t{{{user.hook_after_user_name}}}\n\n\n\t\t\t\t\t\t\n\t\t\t\t\t\t\t<# var $show_block = false; #>\n\n\t\t\t\t\t\t\t\t\t\t\t\t\t\t\t<# if ( typeof user['implication_reseau'] !== 'undefined' ) {\n\t\t\t\t\t\t\t\t\t$show_block = true;\n\t\t\t\t\t\t\t\t} #>\n\t\t\t\t\t\t\t\t\t\t\t\t\t\t\t<# if ( typeof user['profession_titre'] !== 'undefined' ) {\n\t\t\t\t\t\t\t\t\t$show_block = true;\n\t\t\t\t\t\t\t\t} #>\n\t\t\t\t\t\t\t\t\t\t\t\t\t\t\t<# if ( typeof user['institution_employeur'] !== 'undefined' ) {\n\t\t\t\t\t\t\t\t\t$show_block = true;\n\t\t\t\t\t\t\t\t} #>\n\t\t\t\t\t\t\t\t\t\t\t\t\t\t\t<# if ( typeof user['interet_de_recherche'] !== 'undefined' ) {\n\t\t\t\t\t\t\t\t\t$show_block = true;\n\t\t\t\t\t\t\t\t} #>\n\t\t\t\t\t\t\t\n\t\t\t\t\t\t\t<# if ( $show_block ) { #>\n\t\t\t\t\t\t\t\t<div class=\"um-member-meta-main\">\n\n\t\t\t\t\t\t\t\t\t\n\t\t\t\t\t\t\t\t\t<div class=\"um-member-meta no-animate\">\n\n\t\t\t\t\t\t\t\t\t\t\n\t\t\t\t\t\t\t\t\t\t\t<# if ( typeof user['implication_reseau'] !== 'undefined' ) { #>\n\t\t\t\t\t\t\t\t\t\t\t\t<div class=\"um-member-metaline um-member-metaline-implication_reseau\">\n\t\t\t\t\t\t\t\t\t\t\t\t\t<strong>{{{user['label_implication_reseau']}}}:<\/strong> {{{user['implication_reseau']}}}\n\t\t\t\t\t\t\t\t\t\t\t\t<\/div>\n\t\t\t\t\t\t\t\t\t\t\t<# } #>\n\n\t\t\t\t\t\t\t\t\t\t\n\t\t\t\t\t\t\t\t\t\t\t<# if ( typeof user['profession_titre'] !== 'undefined' ) { #>\n\t\t\t\t\t\t\t\t\t\t\t\t<div class=\"um-member-metaline um-member-metaline-profession_titre\">\n\t\t\t\t\t\t\t\t\t\t\t\t\t<strong>{{{user['label_profession_titre']}}}:<\/strong> {{{user['profession_titre']}}}\n\t\t\t\t\t\t\t\t\t\t\t\t<\/div>\n\t\t\t\t\t\t\t\t\t\t\t<# } #>\n\n\t\t\t\t\t\t\t\t\t\t\n\t\t\t\t\t\t\t\t\t\t\t<# if ( typeof user['institution_employeur'] !== 'undefined' ) { #>\n\t\t\t\t\t\t\t\t\t\t\t\t<div class=\"um-member-metaline um-member-metaline-institution_employeur\">\n\t\t\t\t\t\t\t\t\t\t\t\t\t<strong>{{{user['label_institution_employeur']}}}:<\/strong> {{{user['institution_employeur']}}}\n\t\t\t\t\t\t\t\t\t\t\t\t<\/div>\n\t\t\t\t\t\t\t\t\t\t\t<# } #>\n\n\t\t\t\t\t\t\t\t\t\t\n\t\t\t\t\t\t\t\t\t\t\t<# if ( typeof user['interet_de_recherche'] !== 'undefined' ) { #>\n\t\t\t\t\t\t\t\t\t\t\t\t<div class=\"um-member-metaline um-member-metaline-interet_de_recherche\">\n\t\t\t\t\t\t\t\t\t\t\t\t\t<strong>{{{user['label_interet_de_recherche']}}}:<\/strong> {{{user['interet_de_recherche']}}}\n\t\t\t\t\t\t\t\t\t\t\t\t<\/div>\n\t\t\t\t\t\t\t\t\t\t\t<# } #>\n\n\t\t\t\t\t\t\t\t\t\t\t\t\t\t\t\t\t\t\t<\/div>\n\n\t\t\t\t\t\t\t\t\t\t\t\t\t\t\t\t\t<\/div>\n\t\t\t\t\t\t\t<# } #>\n\t\t\t\t\t\t\n\t\t\t\t\t<\/div>\n\t\t\t\t<\/div>\n\n\t\t\t<# }); #>\n\t\t<# } else { #>\n\n\t\t\t<div class=\"um-members-none\">\n\t\t\t\t<p>Nous sommes d\u00e9sol\u00e9s. Nous ne pouvons pas trouver de compte qui r\u00e9pond \u00e0 vos crit\u00e8res de recherche.<\/p>\n\t\t\t<\/div>\n\n\t\t<# } #>\n\n\t\t<div class=\"um-clear\"><\/div>\n\t<\/div>\n<\/script>\n\n<script type=\"text\/template\" id=\"tmpl-um-member-list-40a57\">\n\t<div class=\"um-members um-members-list\">\n\n\t\t<# if ( data.length > 0 ) { #>\n\t\t\t<# _.each( data, function( user, key, list ) { #>\n\n\t\t\t\t<div id=\"um-member-{{{user.card_anchor}}}-40a57\" class=\"um-member um-role-{{{user.role}}} {{{user.account_status}}} \">\n\t\t\t\t\t<span class=\"um-member-status {{{user.account_status}}}\">\n\t\t\t\t\t\t{{{user.account_status_name}}}\n\t\t\t\t\t<\/span>\n\t\t\t\t\t<div class=\"um-member-card-container\">\n\t\t\t\t\t\t\t\t\t\t\t\t\t<div class=\"um-member-photo radius-1\">\n\t\t\t\t\t\t\t\t<a href=\"{{{user.profile_url}}}\" title=\"<# if ( user.display_name ) { #>{{{user.display_name}}}<# } #>\">\n\t\t\t\t\t\t\t\t\t{{{user.avatar}}}\n\n\t\t\t\t\t\t\t\t\t\t\t\t\t\t\t\t\t<\/a>\n\t\t\t\t\t\t\t<\/div>\n\t\t\t\t\t\t\n\t\t\t\t\t\t<div class=\"um-member-card \">\n\t\t\t\t\t\t\t<div class=\"um-member-card-content\">\n\t\t\t\t\t\t\t\t<div class=\"um-member-card-header\">\n\t\t\t\t\t\t\t\t\t\t\t\t\t\t\t\t\t\t\t<# if ( user.display_name_html ) { #>\n\t\t\t\t\t\t\t\t\t\t\t<div class=\"um-member-name\">\n\t\t\t\t\t\t\t\t\t\t\t\t<a href=\"{{{user.profile_url}}}\" title=\"<# if ( user.display_name ) { #>{{{user.display_name}}}<# } #>\">\n\t\t\t\t\t\t\t\t\t\t\t\t\t{{{user.display_name_html}}}\n\t\t\t\t\t\t\t\t\t\t\t\t<\/a>\n\t\t\t\t\t\t\t\t\t\t\t<\/div>\n\t\t\t\t\t\t\t\t\t\t<# } #>\n\t\t\t\t\t\t\t\t\t\n\t\t\t\t\t\t\t\t\t{{{user.hook_just_after_name}}}\n\n\t\t\t\t\t\t\t\t\t\n\t\t\t\t\t\t\t\t\t{{{user.hook_after_user_name}}}\n\t\t\t\t\t\t\t\t<\/div>\n\n\t\t\t\t\t\t\t\t\n\t\t\t\t\t\t\t\t\t<# var $show_block = false; #>\n\n\t\t\t\t\t\t\t\t\t\n\t\t\t\t\t\t\t\t\t\t<# if ( typeof user['implication_reseau'] !== 'undefined' ) {\n\t\t\t\t\t\t\t\t\t\t\t$show_block = true;\n\t\t\t\t\t\t\t\t\t\t} #>\n\t\t\t\t\t\t\t\t\t\n\t\t\t\t\t\t\t\t\t\t<# if ( typeof user['profession_titre'] !== 'undefined' ) {\n\t\t\t\t\t\t\t\t\t\t\t$show_block = true;\n\t\t\t\t\t\t\t\t\t\t} #>\n\t\t\t\t\t\t\t\t\t\n\t\t\t\t\t\t\t\t\t\t<# if ( typeof user['institution_employeur'] !== 'undefined' ) {\n\t\t\t\t\t\t\t\t\t\t\t$show_block = true;\n\t\t\t\t\t\t\t\t\t\t} #>\n\t\t\t\t\t\t\t\t\t\n\t\t\t\t\t\t\t\t\t\t<# if ( typeof user['interet_de_recherche'] !== 'undefined' ) {\n\t\t\t\t\t\t\t\t\t\t\t$show_block = true;\n\t\t\t\t\t\t\t\t\t\t} #>\n\t\t\t\t\t\t\t\t\t\n\t\t\t\t\t\t\t\t\t<# if ( $show_block ) { #>\n\t\t\t\t\t\t\t\t\t\t<div class=\"um-member-meta-main no-animate\">\n\n\t\t\t\t\t\t\t\t\t\t\t<div class=\"um-member-meta\">\n\t\t\t\t\t\t\t\t\t\t\t\t\n\t\t\t\t\t\t\t\t\t\t\t\t\t<# if ( typeof user['implication_reseau'] !== 'undefined' ) { #>\n\t\t\t\t\t\t\t\t\t\t\t\t\t<div class=\"um-member-metaline um-member-metaline-implication_reseau\">\n\t\t\t\t\t\t\t\t\t\t\t\t\t\t<strong>{{{user['label_implication_reseau']}}}:<\/strong>&nbsp;{{{user['implication_reseau']}}}\n\t\t\t\t\t\t\t\t\t\t\t\t\t<\/div>\n\t\t\t\t\t\t\t\t\t\t\t\t\t<# } #>\n\n\t\t\t\t\t\t\t\t\t\t\t\t\n\t\t\t\t\t\t\t\t\t\t\t\t\t<# if ( typeof user['profession_titre'] !== 'undefined' ) { #>\n\t\t\t\t\t\t\t\t\t\t\t\t\t<div class=\"um-member-metaline um-member-metaline-profession_titre\">\n\t\t\t\t\t\t\t\t\t\t\t\t\t\t<strong>{{{user['label_profession_titre']}}}:<\/strong>&nbsp;{{{user['profession_titre']}}}\n\t\t\t\t\t\t\t\t\t\t\t\t\t<\/div>\n\t\t\t\t\t\t\t\t\t\t\t\t\t<# } #>\n\n\t\t\t\t\t\t\t\t\t\t\t\t\n\t\t\t\t\t\t\t\t\t\t\t\t\t<# if ( typeof user['institution_employeur'] !== 'undefined' ) { #>\n\t\t\t\t\t\t\t\t\t\t\t\t\t<div class=\"um-member-metaline um-member-metaline-institution_employeur\">\n\t\t\t\t\t\t\t\t\t\t\t\t\t\t<strong>{{{user['label_institution_employeur']}}}:<\/strong>&nbsp;{{{user['institution_employeur']}}}\n\t\t\t\t\t\t\t\t\t\t\t\t\t<\/div>\n\t\t\t\t\t\t\t\t\t\t\t\t\t<# } #>\n\n\t\t\t\t\t\t\t\t\t\t\t\t\n\t\t\t\t\t\t\t\t\t\t\t\t\t<# if ( typeof user['interet_de_recherche'] !== 'undefined' ) { #>\n\t\t\t\t\t\t\t\t\t\t\t\t\t<div class=\"um-member-metaline um-member-metaline-interet_de_recherche\">\n\t\t\t\t\t\t\t\t\t\t\t\t\t\t<strong>{{{user['label_interet_de_recherche']}}}:<\/strong>&nbsp;{{{user['interet_de_recherche']}}}\n\t\t\t\t\t\t\t\t\t\t\t\t\t<\/div>\n\t\t\t\t\t\t\t\t\t\t\t\t\t<# } #>\n\n\t\t\t\t\t\t\t\t\t\t\t\t\t\t\t\t\t\t\t\t\t\t\t<\/div>\n\t\t\t\t\t\t\t\t\t\t<\/div>\n\t\t\t\t\t\t\t\t\t<# } #>\n\t\t\t\t\t\t\t\t\t\t\t\t\t\t\t<\/div>\n\n\t\t\t\t\t\t\t<div class=\"um-member-card-actions\">\n\n\t\t\t\t\t\t\t\t<# if ( Object.keys( user.dropdown_actions ).length > 0 ) { #>\n\t\t\t\t\t\t\t\t\t<div class=\"um-member-cog\">\n\t\t\t\t\t\t\t\t\t\t<a href=\"javascript:void(0);\" class=\"um-member-actions-a\">\n\t\t\t\t\t\t\t\t\t\t\t<i class=\"um-faicon-cog\"><\/i>\n\t\t\t\t\t\t\t\t\t\t<\/a>\n\t\t\t\t\t\t\t\t\t\t\n\t\t\t<div class=\"um-new-dropdown\" data-element=\".um-member-cog\" data-trigger=\"click\" data-parent=\"\">\n\t\t\t\t<ul>\n\t\t\t\t\t<# _.each( user.dropdown_actions, function( action, key, list ) { #>\n\t\t\t\t\t\t<li><a href=\"<# if ( typeof action.url != 'undefined' ) { #>{{{action.url}}}<# } else { #>javascript:void(0);<# }#>\" class=\"{{{key}}}\">{{{action.title}}}<\/a><\/li>\n\t\t\t\t\t<# }); #>\n\t\t\t\t<\/ul>\n\t\t\t<\/div>\n\n\t\t\t\t\t\t\t\t\t\t\t\t<\/div>\n\t\t\t\t\t\t\t\t<# } #>\n\n\t\t\t\t\t\t\t<\/div>\n\n\t\t\t\t\t\t<\/div>\n\t\t\t\t\t<\/div>\n\t\t\t\t\t<div class=\"um-member-card-footer  \">\n\n\t\t\t\t\t\t<div class=\"um-member-card-footer-buttons\">\n\t\t\t\t\t\t\t\t\t\t\t\t\t<\/div>\n\n\t\t\t\t\t\t\t\t\t\t\t<\/div>\n\t\t\t\t<\/div>\n\n\t\t\t<# }); #>\n\t\t<# } else { #>\n\n\t\t\t<div class=\"um-members-none\">\n\t\t\t\t<p>Nous sommes d\u00e9sol\u00e9s. Nous ne pouvons pas trouver de compte qui r\u00e9pond \u00e0 vos crit\u00e8res de recherche.<\/p>\n\t\t\t<\/div>\n\n\t\t<# } #>\n\n\t<\/div>\n<\/script>\n\n\n<script type=\"text\/template\" id=\"tmpl-um-members-header\">\n\t<div class=\"um-members-intro\">\n\t\t<div class=\"um-members-total\">\n\t\t\t<# if ( data.pagination.total_users == 1 ) { #>\n\t\t\t\t{{{data.pagination.header_single}}}\n\t\t\t<# } else if ( data.pagination.total_users > 1 ) { #>\n\t\t\t\t{{{data.pagination.header}}}\n\t\t\t<# } #>\n\t\t<\/div>\n\t<\/div>\n\n\t<div class=\"um-clear\"><\/div>\n<\/script>\n\n\n<script type=\"text\/template\" id=\"tmpl-um-members-pagination\">\n\t<# if ( data.pagination.pages_to_show.length > 0 ) { #>\n\t\t<div class=\"um-members-pagidrop uimob340-show uimob500-show\">\n\t\t\tJump to page:\t\t\t<select class=\"um-s2 um-members-pagi-dropdown\" style=\"width: 100px;display:inline-block;\">\n\t\t\t\t<# _.each( data.pagination.pages_to_show, function( page, key, list ) { #>\n\t\t\t\t\t<option value=\"{{{page}}}\" <# if ( page == data.pagination.current_page ) { #>selected<# } #>>{{{page}}} of {{{data.pagination.total_pages}}}<\/option>\n\t\t\t\t<# }); #>\n\t\t\t<\/select>\n\t\t<\/div>\n\n\t\t<div class=\"um-members-pagi uimob340-hide uimob500-hide\">\n\t\t\t<span class=\"pagi pagi-arrow <# if ( data.pagination.current_page == 1 ) { #>disabled<# } #>\" data-page=\"first\" aria-label=\"First page\"><i class=\"um-faicon-angle-double-left\"><\/i><\/span>\n\t\t\t<span class=\"pagi pagi-arrow <# if ( data.pagination.current_page == 1 ) { #>disabled<# } #>\" data-page=\"prev\" aria-label=\"Previous page\"><i class=\"um-faicon-angle-left\"><\/i><\/span>\n\n\t\t\t<# _.each( data.pagination.pages_to_show, function( page, key, list ) { #>\n\t\t\t\t<span class=\"pagi <# if ( page == data.pagination.current_page ) { #>current<# } #>\" data-page=\"{{{page}}}\">{{{page}}}<\/span>\n\t\t\t<# }); #>\n\n\t\t\t<span class=\"pagi pagi-arrow <# if ( data.pagination.current_page == data.pagination.total_pages ) { #>disabled<# } #>\" data-page=\"next\" aria-label=\"Next page\"><i class=\"um-faicon-angle-right\"><\/i><\/span>\n\t\t\t<span class=\"pagi pagi-arrow <# if ( data.pagination.current_page == data.pagination.total_pages ) { #>disabled<# } #>\" data-page=\"last\" aria-label=\"Last page\"><i class=\"um-faicon-angle-double-right\"><\/i><\/span>\n\t\t<\/div>\n\t<# } #>\n<\/script>\n\n<div class=\"um um-directory um-40a57\"\n\t data-hash=\"40a57\" data-base-post=\"692\"\n\t data-must-search=\"0\" data-searched=\"1\"\n\t data-view_type=\"grid\" data-page=\"1\"\n\t data-sorting=\"\">\n\t<div class=\"um-members-overlay\"><div class=\"um-ajax-loading\"><\/div><\/div>\n\n\t<div class=\"um-member-directory-header um-form\">\n\n\t\t\n\t\t\t\t\t<div class=\"um-member-directory-header-row um-member-directory-search-row\">\n\t\t\t\t<div class=\"um-member-directory-search-line\">\n\t\t\t\t\t<label>\n\t\t\t\t\t\t<span>Search:<\/span>\n\t\t\t\t\t\t<input type=\"search\" class=\"um-search-line\" placeholder=\"Search\"  value=\"\" aria-label=\"Search\" speech \/>\n\t\t\t\t\t<\/label>\n\t\t\t\t\t<input type=\"button\" class=\"um-do-search um-button\" value=\"Search\" \/>\n\t\t\t\t<\/div>\n\t\t\t<\/div>\n\t\t\t\t\t\t<div class=\"um-member-directory-header-row\">\n\t\t\t\t<div class=\"um-member-directory-nav-line\">\n\t\t\t\t\t\t\t\t\t\t\t\t\t\t<span class=\"um-member-directory-view-type\">\n\t\t\t\t\t\t\t\t\t\n\t\t\t\t\t\t\t\t<a href=\"javascript:void(0)\"\n\t\t\t\t\t\t\t\t\tclass=\"um-member-directory-view-type-a um-tip-n\"\n\t\t\t\t\t\t\t\t\tdata-type=\"grid\"\n\t\t\t\t\t\t\t\t\tdata-default=\"1\"\n\t\t\t\t\t\t\t\t\ttitle=\"Change to Grid\"\n\t\t\t\t\t\t\t\t\tdefault-title=\"Grid\"\n\t\t\t\t\t\t\t\t\tnext-item=\"\" ><i class=\"um-faicon-th\"><\/i><\/a>\n\t\t\t\t\t\t\t\t\n\t\t\t\t\t\t\t\t<a href=\"javascript:void(0)\"\n\t\t\t\t\t\t\t\t\tclass=\"um-member-directory-view-type-a um-tip-n\"\n\t\t\t\t\t\t\t\t\tdata-type=\"list\"\n\t\t\t\t\t\t\t\t\tdata-default=\"0\"\n\t\t\t\t\t\t\t\t\ttitle=\"Change to List\"\n\t\t\t\t\t\t\t\t\tdefault-title=\"List\"\n\t\t\t\t\t\t\t\t\tnext-item=\"\" ><i class=\"um-faicon-list\"><\/i><\/a>\n\t\t\t\t\t\t\t\t\t\t\t\t\t\t\t<\/span>\n\t\t\t\t\t\t\t\t\t\t\t\t\t<span class=\"um-member-directory-filters\">\n\t\t\t\t\t\t\t<span class=\"um-member-directory-filters-a um-member-directory-filters-visible\">\n\t\t\t\t\t\t\t\t<a href=\"javascript:void(0);\">\n\t\t\t\t\t\t\t\t\tMore filters\t\t\t\t\t\t\t\t<\/a>\n\t\t\t\t\t\t\t\t&nbsp;<i class=\"um-faicon-caret-down\"><\/i><i class=\"um-faicon-caret-up\"><\/i>\n\t\t\t\t\t\t\t<\/span>\n\t\t\t\t\t\t<\/span>\n\t\t\t\t\t\t\t\t\t<\/div>\n\t\t\t<\/div>\n\t\t\n\n\t\t\t\t\t\t<script type=\"text\/template\" id=\"tmpl-um-members-filtered-line\">\n\t\t\t\t\t<# if ( data.filters.length > 0 ) { #>\n\t\t\t\t\t\t<# _.each( data.filters, function( filter, key, list ) { #>\n\t\t\t\t\t\t\t<div class=\"um-members-filter-tag\">\n\t\t\t\t\t\t\t\t<# if ( filter.type == 'slider' ) { #>\n\t\t\t\t\t\t\t\t\t{{{filter.value_label}}}\n\t\t\t\t\t\t\t\t<# } else { #>\n\t\t\t\t\t\t\t\t\t<strong>{{{filter.label}}}<\/strong>: {{{filter.value_label}}}\n\t\t\t\t\t\t\t\t<# } #>\n\t\t\t\t\t\t\t\t<div class=\"um-members-filter-remove um-tip-n\" data-name=\"{{{filter.name}}}\"\n\t\t\t\t\t\t\t\t\t data-value=\"{{{filter.value}}}\" data-range=\"{{{filter.range}}}\"\n\t\t\t\t\t\t\t\t\t data-type=\"{{{filter.type}}}\" title=\"Remove filter\">&times;<\/div>\n\t\t\t\t\t\t\t<\/div>\n\t\t\t\t\t\t<# }); #>\n\t\t\t\t\t<# } #>\n\t\t\t\t<\/script>\n\n\t\t\t\t<div class=\"um-member-directory-header-row um-member-directory-filters-bar\">\n\t\t\t\t\t<div class=\"um-search um-search-7\">\n\t\t\t\t\t\t\n\t\t\t\t\t\t\t<div class=\"um-search-filter um-text-filter-type\">\n\t\t\t\t\t\t\t\t\t\t\t\t\t<input type=\"text\" autocomplete=\"off\" id=\"last_name\" name=\"last_name\"\n\t\t\t\t\t\tplaceholder=\"Last Name\"\n\t\t\t\t\t\tvalue=\"\" class=\"um-form-field\"\n\t\t\t\t\t\taria-label=\"Last Name\" \/>\n\t\t\t\t\t\t\t\t\t\t\t\t<\/div>\n\n\t\t\t\t\t\t\t\n\t\t\t\t\t\t\t<div class=\"um-search-filter um-text-filter-type um-search-filter-2\">\n\t\t\t\t\t\t\t\t\t\t\t\t\t<input type=\"text\" autocomplete=\"off\" id=\"first_name\" name=\"first_name\"\n\t\t\t\t\t\tplaceholder=\"First Name\"\n\t\t\t\t\t\tvalue=\"\" class=\"um-form-field\"\n\t\t\t\t\t\taria-label=\"First Name\" \/>\n\t\t\t\t\t\t\t\t\t\t\t\t<\/div>\n\n\t\t\t\t\t\t\t\n\t\t\t\t\t\t\t<div class=\"um-search-filter um-text-filter-type\">\n\t\t\t\t\t\t\t\t\t\t\t\t\t<input type=\"text\" autocomplete=\"off\" id=\"interet_de_recherche\" name=\"interet_de_recherche\"\n\t\t\t\t\t\tplaceholder=\"Int\u00e9r\u00eat(s) de recherche\"\n\t\t\t\t\t\tvalue=\"\" class=\"um-form-field\"\n\t\t\t\t\t\taria-label=\"Int\u00e9r\u00eat(s) de recherche\" \/>\n\t\t\t\t\t\t\t\t\t\t\t\t<\/div>\n\n\t\t\t\t\t\t\t\n\t\t\t\t\t\t\t<div class=\"um-search-filter um-text-filter-type um-search-filter-2\">\n\t\t\t\t\t\t\t\t\t\t\t\t\t<input type=\"text\" autocomplete=\"off\" id=\"expertise_recherche\" name=\"expertise_recherche\"\n\t\t\t\t\t\tplaceholder=\"Expertise\"\n\t\t\t\t\t\tvalue=\"\" class=\"um-form-field\"\n\t\t\t\t\t\taria-label=\"Expertise\" \/>\n\t\t\t\t\t\t\t\t\t\t\t\t<\/div>\n\n\t\t\t\t\t\t\t\n\t\t\t\t\t\t\t<div class=\"um-search-filter um-select-filter-type\">\n\t\t\t\t\t\t\t\t\n\t\t\t\t\t<select class=\"um-s1\" id=\"implication_reseau\" name=\"implication_reseau\"\n\t\t\t\t\t\t\tdata-placeholder=\"Implication dans le r\u00e9seau\"\n\t\t\t\t\t\t\taria-label=\"Implication dans le r\u00e9seau\"\n\t\t\t\t\t\t\t\t\t\t\t\t\t>\n\n\t\t\t\t\t\t<option><\/option>\n\n\t\t\t\t\t\t\n\t\t\t\t\t\t\t\t<option value=\"Comit\u00e9 ex\u00e9cutif\" data-value_label=\"Comit\u00e9 ex\u00e9cutif\"\n\t\t\t\t\t\t\t\t\t>\n\t\t\t\t\t\t\t\t\tComit\u00e9 ex\u00e9cutif\t\t\t\t\t\t\t\t<\/option>\n\n\t\t\t\t\t\t\t\n\t\t\t\t\t\t\t\t<option value=\"Comit\u00e9 scientifique\" data-value_label=\"Comit\u00e9 scientifique\"\n\t\t\t\t\t\t\t\t\t>\n\t\t\t\t\t\t\t\t\tComit\u00e9 scientifique\t\t\t\t\t\t\t\t<\/option>\n\n\t\t\t\t\t\t\t\n\t\t\t\t\t\t\t\t<option value=\"Comit\u00e9 \u00e9tudiant\" data-value_label=\"Comit\u00e9 \u00e9tudiant\"\n\t\t\t\t\t\t\t\t\t>\n\t\t\t\t\t\t\t\t\tComit\u00e9 \u00e9tudiant\t\t\t\t\t\t\t\t<\/option>\n\n\t\t\t\t\t\t\t\n\t\t\t\t\t\t\t\t<option value=\"Comit\u00e9 partenariat citoyen\" data-value_label=\"Comit\u00e9 partenariat citoyen\"\n\t\t\t\t\t\t\t\t\t>\n\t\t\t\t\t\t\t\t\tComit\u00e9 partenariat citoyen\t\t\t\t\t\t\t\t<\/option>\n\n\t\t\t\t\t\t\t\n\t\t\t\t\t\t\t\t<option value=\"Axe \u00e9cosyst\u00e8mes\" data-value_label=\"Axe \u00e9cosyst\u00e8mes\"\n\t\t\t\t\t\t\t\t\t>\n\t\t\t\t\t\t\t\t\tAxe \u00e9cosyst\u00e8mes\t\t\t\t\t\t\t\t<\/option>\n\n\t\t\t\t\t\t\t\n\t\t\t\t\t\t\t\t<option value=\"Axe individus, communaut\u00e9s et bien-\u00eatre\" data-value_label=\"Axe individus, communaut\u00e9s et bien-\u00eatre\"\n\t\t\t\t\t\t\t\t\t>\n\t\t\t\t\t\t\t\t\tAxe individus, communaut\u00e9s et bien-\u00eatre\t\t\t\t\t\t\t\t<\/option>\n\n\t\t\t\t\t\t\t\n\t\t\t\t\t\t\t\t<option value=\"Axe syst\u00e8mes de sant\u00e9\" data-value_label=\"Axe syst\u00e8mes de sant\u00e9\"\n\t\t\t\t\t\t\t\t\t>\n\t\t\t\t\t\t\t\t\tAxe syst\u00e8mes de sant\u00e9\t\t\t\t\t\t\t\t<\/option>\n\n\t\t\t\t\t\t\t\n\t\t\t\t\t\t\t\t<option value=\"Axe confiance, savoirs et engagement\" data-value_label=\"Axe confiance, savoirs et engagement\"\n\t\t\t\t\t\t\t\t\t>\n\t\t\t\t\t\t\t\t\tAxe confiance, savoirs et engagement\t\t\t\t\t\t\t\t<\/option>\n\n\t\t\t\t\t\t\t\n\t\t\t\t\t\t\t\t<option value=\"Axe gouvernance et collaboration\" data-value_label=\"Axe gouvernance et collaboration\"\n\t\t\t\t\t\t\t\t\t>\n\t\t\t\t\t\t\t\t\tAxe gouvernance et collaboration\t\t\t\t\t\t\t\t<\/option>\n\n\t\t\t\t\t\t\t\n\t\t\t\t\t\t\t\t<option value=\"Table intersectorielle sur les menaces \u00e9mergentes \u2013 Eau\" data-value_label=\"Table intersectorielle sur les menaces \u00e9mergentes \u2013 Eau\"\n\t\t\t\t\t\t\t\t\t>\n\t\t\t\t\t\t\t\t\tTable intersectorielle sur les menaces \u00e9mergentes \u2013 Eau\t\t\t\t\t\t\t\t<\/option>\n\n\t\t\t\t\t\t\t\n\t\t\t\t\t\t\t\t<option value=\"Table intersectorielle sur les menaces \u00e9mergentes \u2013 Grippe aviaire\" data-value_label=\"Table intersectorielle sur les menaces \u00e9mergentes \u2013 Grippe aviaire\"\n\t\t\t\t\t\t\t\t\t>\n\t\t\t\t\t\t\t\t\tTable intersectorielle sur les menaces \u00e9mergentes \u2013 Grippe aviaire\t\t\t\t\t\t\t\t<\/option>\n\n\t\t\t\t\t\t\t\n\t\t\t\t\t\t\t\t<option value=\"Table intersectorielle sur la gouvernance de la recherche en p\u00e9riode de crise\" data-value_label=\"Table intersectorielle sur la gouvernance de la recherche en p\u00e9riode de crise\"\n\t\t\t\t\t\t\t\t\t>\n\t\t\t\t\t\t\t\t\tTable intersectorielle sur la gouvernance de la recherche en p\u00e9riode de crise\t\t\t\t\t\t\t\t<\/option>\n\n\t\t\t\t\t\t\t\n\t\t\t\t\t\t\t\t<option value=\"Chantier de donn\u00e9es Une seule sant\u00e9\" data-value_label=\"Chantier de donn\u00e9es Une seule sant\u00e9\"\n\t\t\t\t\t\t\t\t\t>\n\t\t\t\t\t\t\t\t\tChantier de donn\u00e9es Une seule sant\u00e9\t\t\t\t\t\t\t\t<\/option>\n\n\t\t\t\t\t\t\t\n\t\t\t\t\t\t\t\t<option value=\"Groupe de travail sur le transfert de connaissances en p\u00e9riode de crise\" data-value_label=\"Groupe de travail sur le transfert de connaissances en p\u00e9riode de crise\"\n\t\t\t\t\t\t\t\t\t>\n\t\t\t\t\t\t\t\t\tGroupe de travail sur le transfert de connaissances en p\u00e9riode de crise\t\t\t\t\t\t\t\t<\/option>\n\n\t\t\t\t\t\t\t\n\t\t\t\t\t\t\t\t<option value=\"Groupe de travail sur la mod\u00e9lisation et les donn\u00e9es complexes\" data-value_label=\"Groupe de travail sur la mod\u00e9lisation et les donn\u00e9es complexes\"\n\t\t\t\t\t\t\t\t\t>\n\t\t\t\t\t\t\t\t\tGroupe de travail sur la mod\u00e9lisation et les donn\u00e9es complexes\t\t\t\t\t\t\t\t<\/option>\n\n\t\t\t\t\t\t\t\n\t\t\t\t\t\t\t\t<option value=\"Plateforme relations gouvernementales\" data-value_label=\"Plateforme relations gouvernementales\"\n\t\t\t\t\t\t\t\t\t>\n\t\t\t\t\t\t\t\t\tPlateforme relations gouvernementales\t\t\t\t\t\t\t\t<\/option>\n\n\t\t\t\t\t\t\t\n\t\t\t\t\t\t\t\t<option value=\"Plateforme transfert de connaissances\" data-value_label=\"Plateforme transfert de connaissances\"\n\t\t\t\t\t\t\t\t\t>\n\t\t\t\t\t\t\t\t\tPlateforme transfert de connaissances\t\t\t\t\t\t\t\t<\/option>\n\n\t\t\t\t\t\t\t\n\t\t\t\t\t\t\t\t<option value=\"Plateforme partenariats\" data-value_label=\"Plateforme partenariats\"\n\t\t\t\t\t\t\t\t\t>\n\t\t\t\t\t\t\t\t\tPlateforme partenariats\t\t\t\t\t\t\t\t<\/option>\n\n\t\t\t\t\t\t\t\n\t\t\t\t\t\t\t\t<option value=\"Plateforme accompagnement Une seule sant\u00e9\" data-value_label=\"Plateforme accompagnement Une seule sant\u00e9\"\n\t\t\t\t\t\t\t\t\t>\n\t\t\t\t\t\t\t\t\tPlateforme accompagnement Une seule sant\u00e9\t\t\t\t\t\t\t\t<\/option>\n\n\t\t\t\t\t\t\t\n\t\t\t\t\t<\/select>\n\n\t\t\t\t\t\t\t\t\t\t\t\t<\/div>\n\n\t\t\t\t\t\t\t\n\t\t\t\t\t\t\t<div class=\"um-search-filter um-text-filter-type um-search-filter-2\">\n\t\t\t\t\t\t\t\t\t\t\t\t\t<input type=\"text\" autocomplete=\"off\" id=\"institution_employeur\" name=\"institution_employeur\"\n\t\t\t\t\t\tplaceholder=\"Institution \/ employeur\"\n\t\t\t\t\t\tvalue=\"\" class=\"um-form-field\"\n\t\t\t\t\t\taria-label=\"Institution \/ employeur\" \/>\n\t\t\t\t\t\t\t\t\t\t\t\t<\/div>\n\n\t\t\t\t\t\t\t\n\t\t\t\t\t\t\t<div class=\"um-search-filter um-select-filter-type\">\n\t\t\t\t\t\t\t\t\n\t\t\t\t\t<select class=\"um-s1\" id=\"partenairecitoyen\" name=\"partenairecitoyen\"\n\t\t\t\t\t\t\tdata-placeholder=\"Partenaire citoyen?\"\n\t\t\t\t\t\t\taria-label=\"Partenaire citoyen?\"\n\t\t\t\t\t\t\t\t\t\t\t\t\t>\n\n\t\t\t\t\t\t<option><\/option>\n\n\t\t\t\t\t\t\n\t\t\t\t\t\t\t\t<option value=\"Oui\" data-value_label=\"Oui\"\n\t\t\t\t\t\t\t\t\t>\n\t\t\t\t\t\t\t\t\tOui\t\t\t\t\t\t\t\t<\/option>\n\n\t\t\t\t\t\t\t\n\t\t\t\t\t\t\t\t<option value=\"Non\" data-value_label=\"Non\"\n\t\t\t\t\t\t\t\t\t>\n\t\t\t\t\t\t\t\t\tNon\t\t\t\t\t\t\t\t<\/option>\n\n\t\t\t\t\t\t\t\n\t\t\t\t\t<\/select>\n\n\t\t\t\t\t\t\t\t\t\t\t\t<\/div>\n\n\t\t\t\t\t\t\t\t\t\t\t\t<\/div>\n\t\t\t\t<\/div>\n\t\t\t\t<div class=\"um-member-directory-header-row\">\n\t\t\t\t\t<div class=\"um-filtered-line\">\n\t\t\t\t\t\t<div class=\"um-clear-filters\"><a href=\"javascript:void(0);\" class=\"um-clear-filters-a\" title=\"Remove all filters\">Clear all<\/a><\/div>\n\t\t\t\t\t<\/div>\n\t\t\t\t<\/div>\n\t\t\t\t\t<\/div>\n\n\t<div class=\"um-members-wrapper\"><\/div>\n\n\t<div class=\"um-members-pagination-box\"><\/div>\n\n\t\n<\/div>","protected":false},"excerpt":{"rendered":"","protected":false},"author":1,"featured_media":0,"parent":0,"menu_order":0,"comment_status":"closed","ping_status":"closed","template":"","meta":{"_seopress_robots_primary_cat":"","_seopress_titles_title":"","_seopress_titles_desc":"","_seopress_robots_index":"yes","_et_pb_use_builder":"","_et_pb_old_content":"","_et_gb_content_width":"1080","footnotes":""},"class_list":["post-692","page","type-page","status-publish","hentry"],"jetpack_sharing_enabled":true,"_links":{"self":[{"href":"https:\/\/precrisa.ca\/en\/wp-json\/wp\/v2\/pages\/692","targetHints":{"allow":["GET"]}}],"collection":[{"href":"https:\/\/precrisa.ca\/en\/wp-json\/wp\/v2\/pages"}],"about":[{"href":"https:\/\/precrisa.ca\/en\/wp-json\/wp\/v2\/types\/page"}],"author":[{"embeddable":true,"href":"https:\/\/precrisa.ca\/en\/wp-json\/wp\/v2\/users\/1"}],"replies":[{"embeddable":true,"href":"https:\/\/precrisa.ca\/en\/wp-json\/wp\/v2\/comments?post=692"}],"version-history":[{"count":2,"href":"https:\/\/precrisa.ca\/en\/wp-json\/wp\/v2\/pages\/692\/revisions"}],"predecessor-version":[{"id":820,"href":"https:\/\/precrisa.ca\/en\/wp-json\/wp\/v2\/pages\/692\/revisions\/820"}],"wp:attachment":[{"href":"https:\/\/precrisa.ca\/en\/wp-json\/wp\/v2\/media?parent=692"}],"curies":[{"name":"wp","href":"https:\/\/api.w.org\/{rel}","templated":true}]}}