{"id":344,"date":"2024-08-14T10:39:59","date_gmt":"2024-08-14T14:39:59","guid":{"rendered":"https:\/\/precrisa.ca\/?page_id=344"},"modified":"2025-08-13T13:24:18","modified_gmt":"2025-08-13T17:24:18","slug":"qui-sommes-nous","status":"publish","type":"page","link":"https:\/\/precrisa.ca\/en\/qui-sommes-nous\/","title":{"rendered":"Qui sommes-nous?"},"content":{"rendered":"<p>[et_pb_section fb_built=&#8221;1&#8243; admin_label=&#8221;Header&#8221; _builder_version=&#8221;4.26.1&#8243; _module_preset=&#8221;default&#8221; use_background_color_gradient=&#8221;on&#8221; background_color_gradient_stops=&#8221;rgba(0,86,156,0.67) 0%|rgba(0,106,106,0.59) 100%&#8221; background_color_gradient_overlays_image=&#8221;on&#8221; background_color_gradient_start=&#8221;rgba(15,57,59,0.8)&#8221; background_color_gradient_end=&#8221;rgba(15,57,59,0.8)&#8221; background_image=&#8221;https:\/\/precrisa.ca\/wp-content\/uploads\/2024\/08\/groupeprecrisa-scaled.jpg&#8221; background_position=&#8221;bottom_center&#8221; background_vertical_offset=&#8221;25%&#8221; background_blend=&#8221;screen&#8221; custom_padding=&#8221;19vw||10vw||false|false&#8221; locked=&#8221;off&#8221; global_colors_info=&#8221;{}&#8221;][\/et_pb_section][et_pb_section fb_built=&#8221;1&#8243; admin_label=&#8221;Header&#8221; _builder_version=&#8221;4.27.0&#8243; _module_preset=&#8221;default&#8221; background_color=&#8221;#223567&#8243; background_enable_image=&#8221;off&#8221; background_size=&#8221;contain&#8221; background_position=&#8221;bottom_center&#8221; background_vertical_offset=&#8221;-20%&#8221; custom_padding=&#8221;4vw||0vw||false|false&#8221; top_divider_flip=&#8221;vertical&#8221; locked=&#8221;off&#8221; global_colors_info=&#8221;{}&#8221;][et_pb_row _builder_version=&#8221;4.27.0&#8243; _module_preset=&#8221;default&#8221; width_tablet=&#8221;89%&#8221; width_phone=&#8221;91%&#8221; width_last_edited=&#8221;on|desktop&#8221; global_colors_info=&#8221;{}&#8221;][et_pb_column type=&#8221;4_4&#8243; _builder_version=&#8221;4.26.1&#8243; _module_preset=&#8221;default&#8221; custom_padding=&#8221;|0px||0px|false|true&#8221; custom_padding_tablet=&#8221;|30px||30px|false|true&#8221; custom_padding_phone=&#8221;|20px||20px|false|true&#8221; custom_padding_last_edited=&#8221;on|desktop&#8221; global_colors_info=&#8221;{}&#8221;][et_pb_text _builder_version=&#8221;4.26.1&#8243; _module_preset=&#8221;e864d11f-3dab-4fa3-ac06-4f0e1a260807&#8243; header_font=&#8221;DM Sans||||||||&#8221; header_text_align=&#8221;center&#8221; header_text_color=&#8221;#FFFFFF&#8221; header_font_size=&#8221;64px&#8221; header_letter_spacing=&#8221;-0.02em&#8221; header_line_height=&#8221;1.15em&#8221; header_2_font=&#8221;DM Sans|700||on|||||&#8221; header_2_text_align=&#8221;center&#8221; header_2_text_color=&#8221;#FFFFFF&#8221; header_2_font_size=&#8221;30px&#8221; custom_margin=&#8221;||15px||false|false&#8221; header_font_size_tablet=&#8221;40px&#8221; header_font_size_phone=&#8221;24px&#8221; header_font_size_last_edited=&#8221;on|desktop&#8221; locked=&#8221;off&#8221; global_colors_info=&#8221;{}&#8221;]<\/p>\n<h2><b>Qui sommes-nous?<\/b><span style=\"font-weight: 400;\">\u00a0<\/span><\/h2>\n<p>[\/et_pb_text][et_pb_text _builder_version=&#8221;4.27.0&#8243; _module_preset=&#8221;41d5859c-fbaa-458a-88e4-5d886857f235&#8243; text_font=&#8221;DM Sans||||||||&#8221; text_text_color=&#8221;#FFFFFF&#8221; text_font_size=&#8221;17px&#8221; text_line_height=&#8221;1.6em&#8221; text_orientation=&#8221;center&#8221; text_font_size_tablet=&#8221;17px&#8221; text_font_size_phone=&#8221;16px&#8221; text_font_size_last_edited=&#8221;on|desktop&#8221; locked=&#8221;off&#8221; global_colors_info=&#8221;{}&#8221;]<\/p>\n<p>Le Pr\u00e9crisa\u00a0est un r\u00e9seau th\u00e9matique de recherche financ\u00e9 par les <strong>Fonds de recherche du Qu\u00e9bec \u2013 Secteur Sant\u00e9 (FRQS)<\/strong>. Il s\u2019int\u00e9resse aux menaces \u00e9mergentes susceptibles de provoquer de nouvelles crises affectant la sant\u00e9, mais aussi \u00e0 la capacit\u00e9 des syst\u00e8mes de sant\u00e9, des individus et des collectivit\u00e9s \u00e0 leur faire face.<\/p>\n<p>Avec les changements climatiques et la pression exerc\u00e9e par l\u2019humain sur l\u2019environnement, il est attendu que les crises majeures touchant la sant\u00e9 des populations augmentent en nombre, en intensit\u00e9, en diversit\u00e9 et en simultan\u00e9it\u00e9. Les besoins sont exponentiels alors que les ressources sont limit\u00e9es.<\/p>\n<p>Or, il existe d\u00e9j\u00e0 de nombreuses ressources qui peuvent \u00eatre mobilis\u00e9es pour y faire face et pr\u00e9venir en partie les impacts des crises en sant\u00e9. La pr\u00e9paration en amont est la cl\u00e9 d\u2019une r\u00e9ponse optimale.<\/p>\n<p>En ce sens, le Pr\u00e9crisa veut soutenir une communaut\u00e9 interdisciplinaire de recherche et de pratique qui contribuera \u00e0 mieux outiller les autorit\u00e9s politiques et celles du domaine de la sant\u00e9 en mati\u00e8re de pr\u00e9vention et de gestion des grands bouleversements. Cette communaut\u00e9 renforcera les liens entre la recherche et les personnes impliqu\u00e9es dans la gestion de crise en sant\u00e9 pour s\u2019assurer que leurs d\u00e9cisions se fondent sur les meilleures donn\u00e9es disponibles et de l\u2019ad\u00e9quation entre les connaissances produites et leurs besoins. Le Pr\u00e9crisa veillera aussi \u00e0 mobiliser pr\u00e9cocement les forces en recherche et de la pratique pour r\u00e9pondre rapidement aux nouvelles menaces \u00e9mergentes susceptibles de d\u00e9clencher des crises touchant la sant\u00e9 humaine, animale et environnementale.<\/p>\n<p>[\/et_pb_text][et_pb_button button_url=&#8221;https:\/\/precrisa.ca\/gouvernance\/&#8221; button_text=&#8221;Voir l\u2019\u00e9quipe du Comit\u00e9 ex\u00e9cutif&#8221; button_alignment=&#8221;center&#8221; _builder_version=&#8221;4.27.0&#8243; _module_preset=&#8221;94ef7aca-dcd9-4f9d-93b2-efa3466cebc7&#8243; custom_button=&#8221;on&#8221; button_text_size=&#8221;16px&#8221; button_bg_color=&#8221;#ef8992&#8243; button_border_width=&#8221;2px&#8221; button_border_radius=&#8221;13px&#8221; button_font=&#8221;DM Sans|700|||||||&#8221; background_layout=&#8221;dark&#8221; custom_margin=&#8221;30px||||false|false&#8221; custom_padding=&#8221;15px|38px|13px|38px|false|true&#8221; button_text_size_tablet=&#8221;14px&#8221; button_text_size_phone=&#8221;13px&#8221; button_text_size_last_edited=&#8221;on|phone&#8221; locked=&#8221;off&#8221; global_colors_info=&#8221;{}&#8221; button_border_color__hover_enabled=&#8221;on|hover&#8221; button_border_color__hover=&#8221;#ffffff&#8221; button_bg_color__hover_enabled=&#8221;on|desktop&#8221; button_bg_color__hover=&#8221;#ef929a&#8221; button_bg_enable_color__hover=&#8221;on&#8221;][\/et_pb_button][et_pb_divider show_divider=&#8221;off&#8221; _builder_version=&#8221;4.26.1&#8243; _module_preset=&#8221;default&#8221; global_colors_info=&#8221;{}&#8221;][\/et_pb_divider][\/et_pb_column][\/et_pb_row][\/et_pb_section][et_pb_section fb_built=&#8221;1&#8243; prev_background_color=&#8221;#223567&#8243; admin_label=&#8221;Header&#8221; _builder_version=&#8221;4.27.0&#8243; _module_preset=&#8221;default&#8221; background_color=&#8221;#74C6CA&#8221; max_width_tablet=&#8221;&#8221; max_width_phone=&#8221;&#8221; max_width_last_edited=&#8221;on|phone&#8221; top_divider_style=&#8221;slant2&#8243; top_divider_height_tablet=&#8221;&#8221; top_divider_height_phone=&#8221;70px&#8221; top_divider_height_last_edited=&#8221;on|phone&#8221; global_colors_info=&#8221;{}&#8221;][et_pb_row column_structure=&#8221;3_5,2_5&#8243; _builder_version=&#8221;4.27.0&#8243; _module_preset=&#8221;default&#8221; custom_margin=&#8221;20px||||false|false&#8221; global_colors_info=&#8221;{}&#8221;][et_pb_column type=&#8221;3_5&#8243; _builder_version=&#8221;4.16&#8243; _module_preset=&#8221;default&#8221; global_colors_info=&#8221;{}&#8221;][et_pb_text _builder_version=&#8221;4.26.1&#8243; _module_preset=&#8221;534cc526-6274-4e31-9e1a-7f18a5947bf1&#8243; header_text_color=&#8221;#000000&#8243; header_2_font=&#8221;DM Sans|700||on|||||&#8221; header_2_text_color=&#8221;#FFFFFF&#8221; header_2_font_size=&#8221;27px&#8221; header_2_letter_spacing=&#8221;1px&#8221; header_2_line_height=&#8221;1.2em&#8221; header_4_font=&#8221;DM Sans|700||on|||||&#8221; header_4_text_color=&#8221;#EF8451&#8243; header_4_font_size=&#8221;14px&#8221; header_4_letter_spacing=&#8221;1px&#8221; header_4_line_height=&#8221;1.5em&#8221; custom_margin=&#8221;||0px||false|false&#8221; custom_padding=&#8221;||3px||false|false&#8221; header_4_font_size_tablet=&#8221;14px&#8221; header_4_font_size_phone=&#8221;&#8221; header_4_font_size_last_edited=&#8221;on|tablet&#8221; locked=&#8221;off&#8221; global_colors_info=&#8221;{}&#8221;]<\/p>\n<h2>Mission<\/h2>\n<p>[\/et_pb_text][et_pb_text _builder_version=&#8221;4.27.0&#8243; _module_preset=&#8221;5ff55506-da7d-4dd7-b409-9d62c7203201&#8243; text_font=&#8221;DM Sans||||||||&#8221; text_text_color=&#8221;#191919&#8243; text_font_size=&#8221;17px&#8221; text_line_height=&#8221;1.6em&#8221; text_font_size_tablet=&#8221;16px&#8221; text_font_size_phone=&#8221;16px&#8221; text_font_size_last_edited=&#8221;on|tablet&#8221; header_font_size_tablet=&#8221;55px&#8221; header_font_size_last_edited=&#8221;off|desktop&#8221; locked=&#8221;off&#8221; global_colors_info=&#8221;{}&#8221;]<\/p>\n<p>Le<strong>\u00a0Pr\u00e9crisa<\/strong>\u00a0a pour mission de <strong>doter le Qu\u00e9bec d\u2019une communaut\u00e9 de recherche et de pratique interdisciplinaire<\/strong> mobilisant un spectre \u00e9largi de membres et de partenaires issu<span>\u00b7<\/span>es autant des milieux de la recherche, \u00e9tudiant, communautaire, citoyen que des autorit\u00e9s publiques.<\/p>\n<p>Les travaux visent \u00e0 outiller les gestionnaires des crises affectant la sant\u00e9 pour mieux pr\u00e9venir, se pr\u00e9parer, agir et se r\u00e9tablir de grands bouleversements.<\/p>\n<p>\u00a0Pour ce faire, le Pr\u00e9crisa :<\/p>\n<ul>\n<ul>\n<li>Offre des <b>espaces d\u2019\u00e9changes <\/b>et de concertation;<\/li>\n<li>Valorise la <b>mise en commun <\/b>des diff\u00e9rents savoirs et connaissances utiles pour celles et ceux qui pr\u00e9parent et g\u00e8rent les crises;<\/li>\n<li><b>Facilite<\/b> les relations, le <b>renforcement de capacit\u00e9s <\/b>d\u00e9j\u00e0 existantes et la production de nouvelles connaissances;<\/li>\n<li>Produit, avec les partenaires, des services et des outils visant \u00e0 valoriser les r\u00e9sultats de la recherche et \u00e0 favoriser leur appropriation et leur utilisation concr\u00e8te.<\/li>\n<\/ul>\n<\/ul>\n<ul><\/ul>\n<p>[\/et_pb_text][\/et_pb_column][et_pb_column type=&#8221;2_5&#8243; _builder_version=&#8221;4.16&#8243; _module_preset=&#8221;default&#8221; global_colors_info=&#8221;{}&#8221;][et_pb_image src=&#8221;https:\/\/precrisa.ca\/wp-content\/uploads\/2024\/08\/cerveau.png&#8221; title_text=&#8221;cerveau&#8221; align=&#8221;center&#8221; align_tablet=&#8221;center&#8221; align_phone=&#8221;center&#8221; align_last_edited=&#8221;off|tablet&#8221; _builder_version=&#8221;4.27.0&#8243; _module_preset=&#8221;default&#8221; transform_scale=&#8221;112%|112%&#8221; width=&#8221;100%&#8221; width_tablet=&#8221;100%&#8221; width_phone=&#8221;100%&#8221; width_last_edited=&#8221;on|desktop&#8221; max_width=&#8221;100%&#8221; max_width_tablet=&#8221;28%&#8221; max_width_phone=&#8221;34%&#8221; max_width_last_edited=&#8221;on|phone&#8221; module_alignment=&#8221;center&#8221; min_height_last_edited=&#8221;off|desktop&#8221; custom_margin=&#8221;47px||||false|false&#8221; custom_margin_tablet=&#8221;0px||-34px||false|false&#8221; custom_margin_phone=&#8221;0px||-43px||false|false&#8221; custom_margin_last_edited=&#8221;on|phone&#8221; custom_padding=&#8221;0px|||4px|false|false&#8221; module_alignment_tablet=&#8221;center&#8221; module_alignment_phone=&#8221;center&#8221; module_alignment_last_edited=&#8221;on|tablet&#8221; locked=&#8221;off&#8221; global_colors_info=&#8221;{}&#8221; width__hover_enabled=&#8221;off|desktop&#8221; width__hover=&#8221;96%&#8221;][\/et_pb_image][\/et_pb_column][\/et_pb_row][\/et_pb_section]<\/p>","protected":false},"excerpt":{"rendered":"<p>Qui sommes-nous?\u00a0Le Pr\u00e9crisa\u00a0est un r\u00e9seau th\u00e9matique de recherche financ\u00e9 par les Fonds de recherche du Qu\u00e9bec \u2013 Secteur Sant\u00e9 (FRQS). Il s\u2019int\u00e9resse aux menaces \u00e9mergentes susceptibles de provoquer de nouvelles [&hellip;]<\/p>","protected":false},"author":1,"featured_media":0,"parent":0,"menu_order":0,"comment_status":"closed","ping_status":"closed","template":"","meta":{"_seopress_robots_primary_cat":"0","_seopress_titles_title":"","_seopress_titles_desc":"","_seopress_robots_index":"","_et_pb_use_builder":"on","_et_pb_old_content":"<h2><b>\u00e0 propos<\/b><\/h2>\n<img width=\"800\" height=\"809\" src=\"https:\/\/precrisa.ca\/wp-content\/uploads\/2018\/07\/img1-1.png\" alt=\"\" srcset=\"https:\/\/precrisa.ca\/wp-content\/uploads\/2018\/07\/img1-1.png 800w, https:\/\/precrisa.ca\/wp-content\/uploads\/2018\/07\/img1-1-297x300.png 297w, https:\/\/precrisa.ca\/wp-content\/uploads\/2018\/07\/img1-1-768x777.png 768w\" sizes=\"(max-width: 800px) 100vw, 800px\" \/>\n<h2>Quel est le r\u00f4le de votre entreprise?<\/h2>\nVous n'\u00eates pas n'importe qui, vous \u00eates la solution \u00e0 un probl\u00e8me! Il peut s'agir d'un probl\u00e8me de plomberie, d'un lancement d'une nouvelle mode cool ou de simples informations sur un sujet. Vous avez des raisons d'\u00eatre fier de vous et de votre entreprise, alors faites-le savoir au monde entier!\n<h2>Qu'est-ce qui vous a men\u00e9 l\u00e0 o\u00f9 vous \u00eates aujourd'hui?<\/h2>\nVous avez une histoire et les gens veulent l'entendre! Savoir d'o\u00f9 vous venez aide les gens \u00e0 comprendre o\u00f9 vous allez. Quel que soit l'endroit d'o\u00f9 vous venez, il sera int\u00e9ressant de le faire savoir, c'est votre chance de prendre les visiteurs par leurs sentiments pour qu'ils puissent se dire \"je peux comprendre\" ou \"Ouaouh, c'est impressionnant\".\n<h2>Quelle \u00e9quipe!<\/h2>\n<p style=\"margin-bottom: 0cm;\">Que serait votre entreprise sans vous et les membres de votre \u00e9quipe ? Nulle part, parce que \u00e7a n'existerait pas ! Donnez \u00e0 votre \u00e9quipe la reconnaissance qu'elle m\u00e9rite. Ce sont les personnes avec qui vos clients traiteront et cela constitue un excellent argument de vente.<\/p>\n\t\t\t\t\t\t\t\t\t\t<img width=\"400\" height=\"400\" src=\"https:\/\/precrisa.ca\/wp-content\/uploads\/2018\/07\/ava4.png\" alt=\"\" srcset=\"https:\/\/precrisa.ca\/wp-content\/uploads\/2018\/07\/ava4.png 400w, https:\/\/precrisa.ca\/wp-content\/uploads\/2018\/07\/ava4-150x150.png 150w, https:\/\/precrisa.ca\/wp-content\/uploads\/2018\/07\/ava4-300x300.png 300w\" sizes=\"(max-width: 400px) 100vw, 400px\" \/>\n<h2>John Doe<\/h2>\nFondateur et Directeur\n\nLa force motrice derri\u00e8re tout \u00e7a. Le patron travaille dur et a des int\u00e9r\u00eats qui donnent un c\u00f4t\u00e9 personnel \u00e0 ce \"commandant de bord\".\n\n<img width=\"400\" height=\"400\" src=\"https:\/\/precrisa.ca\/wp-content\/uploads\/2018\/07\/ava1.png\" alt=\"\" srcset=\"https:\/\/precrisa.ca\/wp-content\/uploads\/2018\/07\/ava1.png 400w, https:\/\/precrisa.ca\/wp-content\/uploads\/2018\/07\/ava1-150x150.png 150w, https:\/\/precrisa.ca\/wp-content\/uploads\/2018\/07\/ava1-300x300.png 300w\" sizes=\"(max-width: 400px) 100vw, 400px\" \/>\n<h2>Jane Smith<\/h2>\nExperte Professionnelle\n\nUne employ\u00e9e qui fait que la magie op\u00e8re. Cette personne n'est pas seulement un expert, mais elle comprend aussi les d\u00e9sirs et les besoins des clients.\n\n<img width=\"400\" height=\"400\" src=\"https:\/\/precrisa.ca\/wp-content\/uploads\/2018\/07\/ava2.png\" alt=\"\" srcset=\"https:\/\/precrisa.ca\/wp-content\/uploads\/2018\/07\/ava2.png 400w, https:\/\/precrisa.ca\/wp-content\/uploads\/2018\/07\/ava2-150x150.png 150w, https:\/\/precrisa.ca\/wp-content\/uploads\/2018\/07\/ava2-300x300.png 300w\" sizes=\"(max-width: 400px) 100vw, 400px\" \/>\n<h2>Brian Johson<\/h2>\nTechnicien de Surface\n\nChaque membre de l'\u00e9quipe est important. Certains sont les h\u00e9ros m\u00e9connus de l'entreprise. Ils travaillent en coulisses pour que l'entreprise fonctionne dans les meilleures conditions!\n<h2>Une vid\u00e9o sur l'entreprise, son quotidien ou quelque chose d'autre \"\u00e0 notre sujet\".<\/h2>\nhttps:\/\/www.youtube.com\/watch?v=9uOETcuFjbE\n<figure><img src=\"https:\/\/precrisa.ca\/wp-content\/uploads\/elementor\/thumbs\/darkside-nu83m7ypemnbm1jsabl1wbs3fpf19ozke3ntsavjl4.png\" alt=\"darkside.png\" \/><\/figure>\n<figure><img src=\"https:\/\/precrisa.ca\/wp-content\/uploads\/elementor\/thumbs\/zusman-nu83m7ypemnbm1jsabl1wbs3fpf19ozke3ntsavjl4.png\" alt=\"zusman.png\" \/><\/figure>\n<figure><img src=\"https:\/\/precrisa.ca\/wp-content\/uploads\/elementor\/thumbs\/ARMOND-nu83m7ypemnbm1jsabl1wbs3fpf19ozke3ntsavjl4.png\" alt=\"ARMOND.png\" \/><\/figure>\n<figure><img src=\"https:\/\/precrisa.ca\/wp-content\/uploads\/elementor\/thumbs\/larozse-nu83m7ypemnbm1jsabl1wbs3fpf19ozke3ntsavjl4.png\" alt=\"larozse.png\" \/><\/figure>\n<figure><img src=\"https:\/\/precrisa.ca\/wp-content\/uploads\/elementor\/thumbs\/ECOCODE-nu83m7ypemnbm1jsabl1wbs3fpf19ozke3ntsavjl4.png\" alt=\"ECOCODE.png\" \/><\/figure>\n<figure><img src=\"https:\/\/precrisa.ca\/wp-content\/uploads\/elementor\/thumbs\/BOLEIR-nu83m7ypemnbm1jsabl1wbs3fpf19ozke3ntsavjl4.png\" alt=\"BOLEIR.png\" \/><\/figure>\n<figure><img src=\"https:\/\/precrisa.ca\/wp-content\/uploads\/elementor\/thumbs\/GEO-nu83m7ypemnbm1jsabl1wbs3fpf19ozke3ntsavjl4.png\" alt=\"GEO.png\" \/><\/figure>\n<figure><img src=\"https:\/\/precrisa.ca\/wp-content\/uploads\/elementor\/thumbs\/x.venox_-nu83m7ypemnbm1jsabl1wbs3fpf19ozke3ntsavjl4.png\" alt=\"x.venox_.png\" \/><\/figure>\n<figure><img src=\"https:\/\/precrisa.ca\/wp-content\/uploads\/elementor\/thumbs\/FIFTHFLOUR-nu83m7ypemnbm1jsabl1wbs3fpf19ozke3ntsavjl4.png\" alt=\"FIFTHFLOUR.png\" \/><\/figure>","_et_gb_content_width":"","footnotes":""},"class_list":["post-344","page","type-page","status-publish","hentry"],"jetpack_sharing_enabled":true,"_links":{"self":[{"href":"https:\/\/precrisa.ca\/en\/wp-json\/wp\/v2\/pages\/344","targetHints":{"allow":["GET"]}}],"collection":[{"href":"https:\/\/precrisa.ca\/en\/wp-json\/wp\/v2\/pages"}],"about":[{"href":"https:\/\/precrisa.ca\/en\/wp-json\/wp\/v2\/types\/page"}],"author":[{"embeddable":true,"href":"https:\/\/precrisa.ca\/en\/wp-json\/wp\/v2\/users\/1"}],"replies":[{"embeddable":true,"href":"https:\/\/precrisa.ca\/en\/wp-json\/wp\/v2\/comments?post=344"}],"version-history":[{"count":23,"href":"https:\/\/precrisa.ca\/en\/wp-json\/wp\/v2\/pages\/344\/revisions"}],"predecessor-version":[{"id":4390,"href":"https:\/\/precrisa.ca\/en\/wp-json\/wp\/v2\/pages\/344\/revisions\/4390"}],"wp:attachment":[{"href":"https:\/\/precrisa.ca\/en\/wp-json\/wp\/v2\/media?parent=344"}],"curies":[{"name":"wp","href":"https:\/\/api.w.org\/{rel}","templated":true}]}}