{"id":2826,"date":"2024-08-31T14:28:01","date_gmt":"2024-08-31T18:28:01","guid":{"rendered":"https:\/\/precrisa.ca\/?page_id=2826"},"modified":"2025-06-05T12:16:42","modified_gmt":"2025-06-05T16:16:42","slug":"appels-a-candidatures","status":"publish","type":"page","link":"https:\/\/precrisa.ca\/en\/appels-a-candidatures\/","title":{"rendered":"Appels \u00e0 candidatures"},"content":{"rendered":"<p>[et_pb_section fb_built=&#8221;1&#8243; custom_padding_last_edited=&#8221;off|desktop&#8221; admin_label=&#8221;Header&#8221; _builder_version=&#8221;4.27.0&#8243; background_enable_color=&#8221;off&#8221; background_enable_image=&#8221;off&#8221; background_position=&#8221;bottom_center&#8221; custom_margin=&#8221;-5px||0px||false|false&#8221; custom_padding=&#8221;10vw||||false|false&#8221; custom_padding_tablet=&#8221;||||false|false&#8221; custom_padding_phone=&#8221;||||false|false&#8221; bottom_divider_style=&#8221;arrow3&#8243; bottom_divider_color=&#8221;#d4e7f8&#8243; bottom_divider_style_tablet=&#8221;curve2&#8243; bottom_divider_style_phone=&#8221;curve2&#8243; bottom_divider_style_last_edited=&#8221;off|desktop&#8221; bottom_divider_height_tablet=&#8221;&#8221; bottom_divider_height_phone=&#8221;44px&#8221; bottom_divider_height_last_edited=&#8221;on|phone&#8221; locked=&#8221;off&#8221; global_colors_info=&#8221;{}&#8221;][et_pb_row make_equal=&#8221;on&#8221; _builder_version=&#8221;4.27.0&#8243; max_width=&#8221;1200px&#8221; custom_margin=&#8221;13px||2px||false|false&#8221; custom_padding=&#8221;||||false|false&#8221; border_color_all=&#8221;#16252D&#8221; border_color_bottom=&#8221;#ffffff&#8221; border_color_left=&#8221;#ffffff&#8221; locked=&#8221;off&#8221; global_colors_info=&#8221;{}&#8221;][et_pb_column type=&#8221;4_4&#8243; _builder_version=&#8221;4.27.0&#8243; custom_padding=&#8221;||4%||false|false&#8221; global_colors_info=&#8221;{}&#8221;][et_pb_text _builder_version=&#8221;4.27.0&#8243; text_font_size=&#8221;15px&#8221; header_font=&#8221;&#8211;et_global_body_font|900||on|||||&#8221; header_text_align=&#8221;center&#8221; header_text_color=&#8221;#223567&#8243; header_font_size=&#8221;38px&#8221; header_letter_spacing=&#8221;2px&#8221; header_line_height=&#8221;0.7em&#8221; background_layout=&#8221;dark&#8221; custom_margin=&#8221;-78px||||false|false&#8221; custom_margin_tablet=&#8221;-57px||||false|false&#8221; custom_margin_phone=&#8221;-10px||-11px||false|false&#8221; custom_margin_last_edited=&#8221;on|phone&#8221; header_text_align_tablet=&#8221;center&#8221; header_text_align_phone=&#8221;center&#8221; header_text_align_last_edited=&#8221;on|tablet&#8221; header_font_size_tablet=&#8221;36px&#8221; header_font_size_phone=&#8221;30px&#8221; header_font_size_last_edited=&#8221;on|tablet&#8221; header_line_height_tablet=&#8221;1.1em&#8221; header_line_height_phone=&#8221;0.9em&#8221; header_line_height_last_edited=&#8221;on|phone&#8221; locked=&#8221;off&#8221; global_colors_info=&#8221;{}&#8221;]<\/p>\n<h1>Appels \u00e0 candidatures<\/h1>\n<p>[\/et_pb_text][\/et_pb_column][\/et_pb_row][\/et_pb_section][et_pb_section fb_built=&#8221;1&#8243; admin_label=&#8221;Appels&#8221; _builder_version=&#8221;4.27.0&#8243; _module_preset=&#8221;default&#8221; background_color=&#8221;#d4e7f8&#8243; custom_padding=&#8221;30px||40px||false|false&#8221; collapsed=&#8221;on&#8221; global_colors_info=&#8221;{}&#8221;][et_pb_row _builder_version=&#8221;4.27.0&#8243; _module_preset=&#8221;default&#8221; background_color=&#8221;#ffffff&#8221; global_colors_info=&#8221;{}&#8221;][et_pb_column type=&#8221;4_4&#8243; _builder_version=&#8221;4.27.0&#8243; _module_preset=&#8221;default&#8221; global_colors_info=&#8221;{}&#8221;][et_pb_blurb title=&#8221;Coordination et R\u00e9alisation des Activit\u00e9s de Recherche \u2013 R\u00e9seaux Pr\u00e9crisa et Sant\u00e9 Num\u00e9rique&#8221; content_max_width=&#8221;939px&#8221; _builder_version=&#8221;4.27.3&#8243; _module_preset=&#8221;default&#8221; body_font_size=&#8221;15px&#8221; custom_margin=&#8221;9px||||false|false&#8221; custom_padding=&#8221;0px|35px|0px|35px|true|true&#8221; global_colors_info=&#8221;{}&#8221; disabled_on=&#8221;on|on|on&#8221; disabled=&#8221;on&#8221;]<\/p>\n<p>Dur\u00e9e du mandat : 1 an, renouvelable jusqu\u2019\u00e0 4 ans<br \/>Lieu : En t\u00e9l\u00e9travail avec des rencontres r\u00e9guli\u00e8res \u00e0 Qu\u00e9bec et Montr\u00e9al<br \/>Horaire : 5 jours par semaine<\/p>\n<p><a href=\"https:\/\/precrisa.ca\/wp-content\/uploads\/2025\/02\/appel-a-candidatures-Coordination-et-Realisation-des-Activites-de-Recherche.pdf\" target=\"_blank\" rel=\"noopener\"><strong>\u2193\u00a0T\u00e9l\u00e9charger le PDF<\/strong><\/a><\/p>\n<p>[\/et_pb_blurb][et_pb_divider color=&#8221;#d4e7f8&#8243; divider_weight=&#8221;20px&#8221; _builder_version=&#8221;4.27.0&#8243; _module_preset=&#8221;default&#8221; global_colors_info=&#8221;{}&#8221; disabled_on=&#8221;on|on|on&#8221; disabled=&#8221;on&#8221;][\/et_pb_divider][et_pb_blurb title=&#8221;Aucun poste \u00e0 combler pour le moment&#8230;&#8221; content_max_width=&#8221;939px&#8221; _builder_version=&#8221;4.27.3&#8243; _module_preset=&#8221;default&#8221; body_font_size=&#8221;15px&#8221; custom_margin=&#8221;9px||||false|false&#8221; custom_padding=&#8221;0px|35px|0px|35px|true|true&#8221; hover_enabled=&#8221;0&#8243; global_colors_info=&#8221;{}&#8221; sticky_enabled=&#8221;0&#8243;][\/et_pb_blurb][\/et_pb_column][\/et_pb_row][\/et_pb_section]<\/p>","protected":false},"excerpt":{"rendered":"<p>Appels \u00e0 candidaturesDur\u00e9e du mandat : 1 an, renouvelable jusqu\u2019\u00e0 4 ansLieu : En t\u00e9l\u00e9travail avec des rencontres r\u00e9guli\u00e8res \u00e0 Qu\u00e9bec et Montr\u00e9alHoraire : 5 jours par semaine \u2193\u00a0T\u00e9l\u00e9charger le [&hellip;]<\/p>","protected":false},"author":1,"featured_media":0,"parent":0,"menu_order":0,"comment_status":"closed","ping_status":"closed","template":"","meta":{"_seopress_robots_primary_cat":"","_seopress_titles_title":"","_seopress_titles_desc":"","_seopress_robots_index":"","_et_pb_use_builder":"on","_et_pb_old_content":"","_et_gb_content_width":"","footnotes":""},"class_list":["post-2826","page","type-page","status-publish","hentry"],"jetpack_sharing_enabled":true,"_links":{"self":[{"href":"https:\/\/precrisa.ca\/en\/wp-json\/wp\/v2\/pages\/2826","targetHints":{"allow":["GET"]}}],"collection":[{"href":"https:\/\/precrisa.ca\/en\/wp-json\/wp\/v2\/pages"}],"about":[{"href":"https:\/\/precrisa.ca\/en\/wp-json\/wp\/v2\/types\/page"}],"author":[{"embeddable":true,"href":"https:\/\/precrisa.ca\/en\/wp-json\/wp\/v2\/users\/1"}],"replies":[{"embeddable":true,"href":"https:\/\/precrisa.ca\/en\/wp-json\/wp\/v2\/comments?post=2826"}],"version-history":[{"count":20,"href":"https:\/\/precrisa.ca\/en\/wp-json\/wp\/v2\/pages\/2826\/revisions"}],"predecessor-version":[{"id":4198,"href":"https:\/\/precrisa.ca\/en\/wp-json\/wp\/v2\/pages\/2826\/revisions\/4198"}],"wp:attachment":[{"href":"https:\/\/precrisa.ca\/en\/wp-json\/wp\/v2\/media?parent=2826"}],"curies":[{"name":"wp","href":"https:\/\/api.w.org\/{rel}","templated":true}]}}