{"id":2514,"date":"2024-08-21T15:17:56","date_gmt":"2024-08-21T19:17:56","guid":{"rendered":"https:\/\/precrisa.ca\/?page_id=2514"},"modified":"2024-08-27T10:59:21","modified_gmt":"2024-08-27T14:59:21","slug":"une-seule-sante","status":"publish","type":"page","link":"https:\/\/precrisa.ca\/en\/une-seule-sante\/","title":{"rendered":"Qu&#8217;est-ce que l&#8217;approche Une seule sant\u00e9?"},"content":{"rendered":"<p>[et_pb_section fb_built=&#8221;1&#8243; custom_padding_last_edited=&#8221;off|desktop&#8221; admin_label=&#8221;Header&#8221; _builder_version=&#8221;4.27.0&#8243; background_color=&#8221;#e8f7ee&#8221; background_image=&#8221;https:\/\/precrisa.ca\/wp-content\/uploads\/2024\/08\/banner-uneseulesante-scaled.jpg&#8221; background_position=&#8221;bottom_center&#8221; custom_margin=&#8221;-5px||0px||false|false&#8221; custom_padding=&#8221;10vw||||false|false&#8221; custom_padding_tablet=&#8221;||||false|false&#8221; custom_padding_phone=&#8221;||||false|false&#8221; bottom_divider_style=&#8221;curve2&#8243; bottom_divider_color=&#8221;#e8f7ee&#8221; bottom_divider_style_tablet=&#8221;curve2&#8243; bottom_divider_style_phone=&#8221;curve2&#8243; bottom_divider_style_last_edited=&#8221;on|phone&#8221; bottom_divider_height_tablet=&#8221;&#8221; bottom_divider_height_phone=&#8221;44px&#8221; bottom_divider_height_last_edited=&#8221;on|phone&#8221; locked=&#8221;off&#8221; global_colors_info=&#8221;{}&#8221;][et_pb_row column_structure=&#8221;1_2,1_2&#8243; make_equal=&#8221;on&#8221; _builder_version=&#8221;4.27.0&#8243; max_width=&#8221;1200px&#8221; custom_margin=&#8221;13px||6px||false|false&#8221; custom_padding=&#8221;|||4%|false|false&#8221; border_color_all=&#8221;#16252D&#8221; border_color_bottom=&#8221;#ffffff&#8221; border_color_left=&#8221;#ffffff&#8221; locked=&#8221;off&#8221; global_colors_info=&#8221;{}&#8221;][et_pb_column type=&#8221;1_2&#8243; _builder_version=&#8221;4.27.0&#8243; custom_padding=&#8221;||4%||false|false&#8221; global_colors_info=&#8221;{}&#8221;][\/et_pb_column][et_pb_column type=&#8221;1_2&#8243; _builder_version=&#8221;4.27.0&#8243; custom_padding=&#8221;0px||||false|false&#8221; global_colors_info=&#8221;{}&#8221;][et_pb_text _builder_version=&#8221;4.27.0&#8243; text_font_size=&#8221;15px&#8221; header_font=&#8221;&#8211;et_global_body_font|900||on|||||&#8221; header_text_color=&#8221;#223567&#8243; header_font_size=&#8221;50px&#8221; header_letter_spacing=&#8221;2px&#8221; header_line_height=&#8221;1.1em&#8221; background_layout=&#8221;dark&#8221; custom_margin=&#8221;-73px||||false|false&#8221; custom_margin_tablet=&#8221;-73px||||false|false&#8221; custom_margin_phone=&#8221;-23px||||false|false&#8221; custom_margin_last_edited=&#8221;on|phone&#8221; header_text_align_tablet=&#8221;right&#8221; header_text_align_phone=&#8221;right&#8221; header_text_align_last_edited=&#8221;on|tablet&#8221; header_font_size_tablet=&#8221;40px&#8221; header_font_size_phone=&#8221;21px&#8221; header_font_size_last_edited=&#8221;on|phone&#8221; header_line_height_tablet=&#8221;1.1em&#8221; header_line_height_phone=&#8221;0.9em&#8221; header_line_height_last_edited=&#8221;on|phone&#8221; locked=&#8221;off&#8221; global_colors_info=&#8221;{}&#8221;]<\/p>\n<h1>Qu\u2019est-ce que<\/h1>\n<h1>l\u2019approche<\/h1>\n<h1>Une seule sant\u00e9<\/h1>\n<p>[\/et_pb_text][et_pb_image src=&#8221;https:\/\/precrisa.ca\/wp-content\/uploads\/2024\/08\/uneseulesante.png&#8221; title_text=&#8221;uneseulesante&#8221; show_bottom_space=&#8221;off&#8221; align_tablet=&#8221;right&#8221; align_phone=&#8221;right&#8221; align_last_edited=&#8221;on|phone&#8221; _builder_version=&#8221;4.27.0&#8243; _module_preset=&#8221;default&#8221; height=&#8221;155px&#8221; custom_margin=&#8221;-26px||80px||false|false&#8221; custom_margin_tablet=&#8221;-26px||80px||false|false&#8221; custom_margin_phone=&#8221;||58px||false|false&#8221; custom_margin_last_edited=&#8221;on|phone&#8221; global_colors_info=&#8221;{}&#8221;][\/et_pb_image][\/et_pb_column][\/et_pb_row][\/et_pb_section][et_pb_section fb_built=&#8221;1&#8243; admin_label=&#8221;Header&#8221; _builder_version=&#8221;4.27.0&#8243; _module_preset=&#8221;default&#8221; background_color=&#8221;#e8f7ee&#8221; custom_margin=&#8221;-6px||||false|false&#8221; custom_padding=&#8221;|0px|67px|0px|false|false&#8221; top_divider_style=&#8221;none&#8221; top_divider_color=&#8221;#095C9C&#8221; bottom_divider_height=&#8221;44px&#8221; bottom_divider_arrangement=&#8221;above_content&#8221; global_colors_info=&#8221;{}&#8221;][et_pb_row admin_label=&#8221;Row&#8221; _builder_version=&#8221;4.27.0&#8243; _module_preset=&#8221;default&#8221; custom_margin=&#8221;-35px||||false|false&#8221; global_colors_info=&#8221;{}&#8221;][et_pb_column type=&#8221;4_4&#8243; _builder_version=&#8221;4.26.1&#8243; _module_preset=&#8221;default&#8221; global_colors_info=&#8221;{}&#8221;][et_pb_text _builder_version=&#8221;4.27.0&#8243; _module_preset=&#8221;5ff55506-da7d-4dd7-b409-9d62c7203201&#8243; text_font=&#8221;DM Sans||||||||&#8221; text_text_color=&#8221;#282828&#8243; text_font_size=&#8221;16px&#8221; text_line_height=&#8221;1.6em&#8221; hover_enabled=&#8221;0&#8243; text_font_size_tablet=&#8221;15px&#8221; text_font_size_phone=&#8221;14px&#8221; text_font_size_last_edited=&#8221;on|phone&#8221; header_font_size_tablet=&#8221;55px&#8221; header_font_size_last_edited=&#8221;off|desktop&#8221; locked=&#8221;off&#8221; global_colors_info=&#8221;{}&#8221; sticky_enabled=&#8221;0&#8243;]<\/p>\n<p>L&#8217;approche Une seule sant\u00e9 (One Health) est au c\u0153ur du Pr\u00e9crisa. Mais \u00e0 quoi correspond-elle ?<\/p>\n<p>C&#8217;est une fa\u00e7on d&#8217;aborder la Sant\u00e9 de fa\u00e7on globale, en reconnaissant que les populations humaines, animales, v\u00e9g\u00e9tales et les \u00e9cosyst\u00e8mes sont interd\u00e9pendants. Le mot-cl\u00e9 de cette approche, c&#8217;est la collaboration : entre des sp\u00e9cialistes de diff\u00e9rentes disciplines scientifiques (sant\u00e9 humaine, m\u00e9decine v\u00e9t\u00e9rinaire, sciences sociales, sciences de l&#8217;environnement&#8230;), de diff\u00e9rents secteurs (organismes gouvernementaux ou priv\u00e9s, universit\u00e9s, associations citoyennes&#8230;), mais aussi entre diff\u00e9rentes personnes et communaut\u00e9s. Ainsi, l&#8217;inclusion, la participation citoyenne et l&#8217;\u00e9quit\u00e9 sont fondamentales.<\/p>\n<p>[\/et_pb_text][et_pb_blurb use_icon=&#8221;on&#8221; font_icon=&#8221;&#x52;||divi||400&#8243; icon_color=&#8221;#105b33&#8243; icon_placement=&#8221;left&#8221; image_icon_width=&#8221;29px&#8221; content_max_width=&#8221;100%&#8221; admin_label=&#8221;Blurb&#8221; _builder_version=&#8221;4.27.0&#8243; _module_preset=&#8221;a947262d-0701-4077-825d-1385639c524f&#8221; header_font=&#8221;DM Sans|700|||||||&#8221; header_text_align=&#8221;left&#8221; header_text_color=&#8221;#ffffff&#8221; header_font_size=&#8221;18px&#8221; header_line_height=&#8221;1.7em&#8221; body_font=&#8221;DM Sans|700|||||||&#8221; body_text_color=&#8221;#105b33&#8243; body_font_size=&#8221;17px&#8221; body_link_font=&#8221;||||on|||#105b33|&#8221; body_link_text_color=&#8221;#105b33&#8243; image_icon_custom_margin=&#8221;-3px||||false|false&#8221; custom_margin=&#8221;||8px||false|false&#8221; animation_style=&#8221;fade&#8221; animation_speed_curve=&#8221;ease-in&#8221; animation=&#8221;off&#8221; header_font_size_tablet=&#8221;&#8221; header_font_size_phone=&#8221;14px&#8221; header_font_size_last_edited=&#8221;on|phone&#8221; border_radii_image=&#8221;on|182px|182px|182px|182px&#8221; locked=&#8221;off&#8221; global_colors_info=&#8221;{}&#8221;]<\/p>\n<p>Notre <a href=\"https:\/\/precrisa.ca\/en\/gouvernance\/\" target=\"_blank\" rel=\"noopener\">gouvernance<\/a> repose sur la collaboration et les <a href=\"https:\/\/precrisa.ca\/en\/citoyen-partenaire\/\" target=\"_blank\" rel=\"noopener\">partenariats citoyens<\/a> ;<\/p>\n<p>[\/et_pb_blurb][et_pb_blurb use_icon=&#8221;on&#8221; font_icon=&#8221;&#x52;||divi||400&#8243; icon_color=&#8221;#105b33&#8243; icon_placement=&#8221;left&#8221; image_icon_width=&#8221;29px&#8221; content_max_width=&#8221;100%&#8221; admin_label=&#8221;Blurb&#8221; _builder_version=&#8221;4.27.0&#8243; _module_preset=&#8221;a947262d-0701-4077-825d-1385639c524f&#8221; header_font=&#8221;DM Sans|700|||||||&#8221; header_text_align=&#8221;left&#8221; header_text_color=&#8221;#ffffff&#8221; header_font_size=&#8221;18px&#8221; header_line_height=&#8221;1.7em&#8221; body_font=&#8221;DM Sans|700|||||||&#8221; body_text_color=&#8221;#105b33&#8243; body_font_size=&#8221;17px&#8221; body_link_font=&#8221;||||on|||#105b33|&#8221; body_link_text_color=&#8221;#105b33&#8243; image_icon_custom_margin=&#8221;-3px||||false|false&#8221; custom_margin=&#8221;||8px||false|false&#8221; animation_style=&#8221;fade&#8221; animation_delay=&#8221;100ms&#8221; animation_speed_curve=&#8221;ease-in&#8221; animation=&#8221;off&#8221; header_font_size_tablet=&#8221;&#8221; header_font_size_phone=&#8221;14px&#8221; header_font_size_last_edited=&#8221;on|phone&#8221; border_radii_image=&#8221;on|182px|182px|182px|182px&#8221; locked=&#8221;off&#8221; global_colors_info=&#8221;{}&#8221;]<\/p>\n<p>Nous membres exercent dans une large diversit\u00e9 de domaines ;<\/p>\n<p>[\/et_pb_blurb][et_pb_blurb use_icon=&#8221;on&#8221; font_icon=&#8221;&#x52;||divi||400&#8243; icon_color=&#8221;#105b33&#8243; icon_placement=&#8221;left&#8221; image_icon_width=&#8221;29px&#8221; content_max_width=&#8221;100%&#8221; admin_label=&#8221;Blurb&#8221; _builder_version=&#8221;4.27.0&#8243; _module_preset=&#8221;a947262d-0701-4077-825d-1385639c524f&#8221; header_font=&#8221;DM Sans|700|||||||&#8221; header_text_align=&#8221;left&#8221; header_text_color=&#8221;#ffffff&#8221; header_font_size=&#8221;18px&#8221; header_line_height=&#8221;1.7em&#8221; body_font=&#8221;DM Sans|700|||||||&#8221; body_text_color=&#8221;#105b33&#8243; body_font_size=&#8221;17px&#8221; body_link_font=&#8221;||||on|||#105b33|&#8221; body_link_text_color=&#8221;#105b33&#8243; image_icon_custom_margin=&#8221;-3px||||false|false&#8221; custom_margin=&#8221;||8px||false|false&#8221; animation_style=&#8221;fade&#8221; animation_delay=&#8221;200ms&#8221; animation_speed_curve=&#8221;ease-in&#8221; animation=&#8221;off&#8221; header_font_size_tablet=&#8221;&#8221; header_font_size_phone=&#8221;14px&#8221; header_font_size_last_edited=&#8221;on|phone&#8221; border_radii_image=&#8221;on|182px|182px|182px|182px&#8221; locked=&#8221;off&#8221; global_colors_info=&#8221;{}&#8221;]<\/p>\n<p>Nos <a href=\"https:\/\/precrisa.ca\/en\/axes-animation-scientifique\/\" target=\"_blank\" rel=\"noopener\">axes<\/a> d&#8217;animation scientifique s&#8217;int\u00e9ressent \u00e0 toutes les dimensions de la sant\u00e9, des \u00e9cosyst\u00e8mes aux communaut\u00e9s ;<\/p>\n<p>[\/et_pb_blurb][et_pb_blurb use_icon=&#8221;on&#8221; font_icon=&#8221;&#x52;||divi||400&#8243; icon_color=&#8221;#105b33&#8243; icon_placement=&#8221;left&#8221; image_icon_width=&#8221;29px&#8221; content_max_width=&#8221;100%&#8221; admin_label=&#8221;Blurb&#8221; _builder_version=&#8221;4.27.0&#8243; _module_preset=&#8221;a947262d-0701-4077-825d-1385639c524f&#8221; header_font=&#8221;DM Sans|700|||||||&#8221; header_text_align=&#8221;left&#8221; header_text_color=&#8221;#ffffff&#8221; header_font_size=&#8221;18px&#8221; header_line_height=&#8221;1.7em&#8221; body_font=&#8221;DM Sans|700|||||||&#8221; body_text_color=&#8221;#105b33&#8243; body_font_size=&#8221;17px&#8221; body_link_font=&#8221;||||on|||#105b33|&#8221; body_link_text_color=&#8221;#105b33&#8243; image_icon_custom_margin=&#8221;-3px||||false|false&#8221; custom_margin=&#8221;||8px||false|false&#8221; animation_style=&#8221;fade&#8221; animation_delay=&#8221;350ms&#8221; animation_speed_curve=&#8221;ease-in&#8221; animation=&#8221;off&#8221; header_font_size_tablet=&#8221;&#8221; header_font_size_phone=&#8221;14px&#8221; header_font_size_last_edited=&#8221;on|phone&#8221; border_radii_image=&#8221;on|182px|182px|182px|182px&#8221; locked=&#8221;off&#8221; global_colors_info=&#8221;{}&#8221;]<\/p>\n<p>Nous valorisons <a href=\"https:\/\/precrisa.ca\/en\/tables-groupes-de-travail\/\" target=\"_blank\" rel=\"noopener\">toutes les formes de connaissances<\/a>, qu&#8217;elles viennent de la recherche, de l&#8217;exp\u00e9rience en tant que patient\u00b7e, ou encore de savoirs autochtones.<\/p>\n<p>[\/et_pb_blurb][et_pb_text _builder_version=&#8221;4.27.0&#8243; _module_preset=&#8221;5ff55506-da7d-4dd7-b409-9d62c7203201&#8243; text_font=&#8221;DM Sans||||||||&#8221; text_text_color=&#8221;#282828&#8243; text_font_size=&#8221;16px&#8221; text_line_height=&#8221;1.6em&#8221; link_font=&#8221;||||on||||&#8221; link_text_color=&#8221;#282828&#8243; custom_margin=&#8221;||||false|false&#8221; custom_padding=&#8221;15px||||false|false&#8221; text_font_size_tablet=&#8221;15px&#8221; text_font_size_phone=&#8221;14px&#8221; text_font_size_last_edited=&#8221;on|phone&#8221; header_font_size_tablet=&#8221;55px&#8221; header_font_size_last_edited=&#8221;off|desktop&#8221; locked=&#8221;off&#8221; global_colors_info=&#8221;{}&#8221;]<\/p>\n<p>Pour en savoir plus sur l\u2019approche Une seule sant\u00e9 et d\u00e9couvrir comment nous l&#8217;appliquons dans le Pr\u00e9crisa, nous vous invitons \u00e0 nous suivre sur nos r\u00e9seaux sociaux ou \u00e0 vous abonner \u00e0 notre <a href=\"https:\/\/precrisa.ca\/en\/infolettre\/\" target=\"_blank\" rel=\"noopener\">infolettre<\/a>.<\/p>\n<p>Vous pouvez \u00e9galement consulter la <a href=\"https:\/\/www.who.int\/fr\/news\/item\/01-12-2021-tripartite-and-unep-support-ohhlep-s-definition-of-one-health\" target=\"_blank\" rel=\"noopener\">d\u00e9finition<\/a> du Groupe d\u2019expert\u00b7es de haut niveau pour l\u2019approche Une seule sant\u00e9.<\/p>\n<p>[\/et_pb_text][\/et_pb_column][\/et_pb_row][\/et_pb_section]<\/p>","protected":false},"excerpt":{"rendered":"<p>Qu\u2019est-ce que l\u2019approche Une seule sant\u00e9L&#8217;approche Une seule sant\u00e9 (One Health) est au c\u0153ur du Pr\u00e9crisa. Mais \u00e0 quoi correspond-elle ? C&#8217;est une fa\u00e7on d&#8217;aborder la Sant\u00e9 de fa\u00e7on globale, [&hellip;]<\/p>","protected":false},"author":1,"featured_media":0,"parent":0,"menu_order":0,"comment_status":"closed","ping_status":"closed","template":"","meta":{"_seopress_robots_primary_cat":"0","_seopress_titles_title":"","_seopress_titles_desc":"","_seopress_robots_index":"","_et_pb_use_builder":"on","_et_pb_old_content":"","_et_gb_content_width":"","footnotes":""},"class_list":["post-2514","page","type-page","status-publish","hentry"],"jetpack_sharing_enabled":true,"_links":{"self":[{"href":"https:\/\/precrisa.ca\/en\/wp-json\/wp\/v2\/pages\/2514","targetHints":{"allow":["GET"]}}],"collection":[{"href":"https:\/\/precrisa.ca\/en\/wp-json\/wp\/v2\/pages"}],"about":[{"href":"https:\/\/precrisa.ca\/en\/wp-json\/wp\/v2\/types\/page"}],"author":[{"embeddable":true,"href":"https:\/\/precrisa.ca\/en\/wp-json\/wp\/v2\/users\/1"}],"replies":[{"embeddable":true,"href":"https:\/\/precrisa.ca\/en\/wp-json\/wp\/v2\/comments?post=2514"}],"version-history":[{"count":14,"href":"https:\/\/precrisa.ca\/en\/wp-json\/wp\/v2\/pages\/2514\/revisions"}],"predecessor-version":[{"id":2759,"href":"https:\/\/precrisa.ca\/en\/wp-json\/wp\/v2\/pages\/2514\/revisions\/2759"}],"wp:attachment":[{"href":"https:\/\/precrisa.ca\/en\/wp-json\/wp\/v2\/media?parent=2514"}],"curies":[{"name":"wp","href":"https:\/\/api.w.org\/{rel}","templated":true}]}}