{"id":1634,"date":"2024-08-09T16:20:15","date_gmt":"2024-08-09T20:20:15","guid":{"rendered":"https:\/\/precrisa.ca\/?page_id=1634"},"modified":"2025-09-03T12:18:07","modified_gmt":"2025-09-03T16:18:07","slug":"medias","status":"publish","type":"page","link":"https:\/\/precrisa.ca\/en\/medias\/","title":{"rendered":"Dans les m\u00e9dias"},"content":{"rendered":"<p>[et_pb_section fb_built=&#8221;1&#8243; custom_padding_last_edited=&#8221;off|desktop&#8221; admin_label=&#8221;Header&#8221; _builder_version=&#8221;4.27.0&#8243; background_enable_color=&#8221;off&#8221; background_enable_image=&#8221;off&#8221; background_position=&#8221;bottom_center&#8221; custom_margin=&#8221;-5px||0px||false|false&#8221; custom_padding=&#8221;10vw||||false|false&#8221; custom_padding_tablet=&#8221;||||false|false&#8221; custom_padding_phone=&#8221;||||false|false&#8221; bottom_divider_style=&#8221;arrow3&#8243; bottom_divider_color=&#8221;#d4e7f8&#8243; bottom_divider_style_tablet=&#8221;curve2&#8243; bottom_divider_style_phone=&#8221;curve2&#8243; bottom_divider_style_last_edited=&#8221;off|desktop&#8221; bottom_divider_height_tablet=&#8221;&#8221; bottom_divider_height_phone=&#8221;44px&#8221; bottom_divider_height_last_edited=&#8221;on|phone&#8221; locked=&#8221;off&#8221; global_colors_info=&#8221;{}&#8221;][et_pb_row make_equal=&#8221;on&#8221; _builder_version=&#8221;4.27.0&#8243; max_width=&#8221;1200px&#8221; custom_margin=&#8221;13px||2px||false|false&#8221; custom_padding=&#8221;||||false|false&#8221; border_color_all=&#8221;#16252D&#8221; border_color_bottom=&#8221;#ffffff&#8221; border_color_left=&#8221;#ffffff&#8221; locked=&#8221;off&#8221; global_colors_info=&#8221;{}&#8221;][et_pb_column type=&#8221;4_4&#8243; _builder_version=&#8221;4.27.0&#8243; custom_padding=&#8221;||4%||false|false&#8221; global_colors_info=&#8221;{}&#8221;][et_pb_text _builder_version=&#8221;4.27.0&#8243; text_font_size=&#8221;15px&#8221; header_font=&#8221;&#8211;et_global_body_font|900||on|||||&#8221; header_text_align=&#8221;center&#8221; header_text_color=&#8221;#223567&#8243; header_font_size=&#8221;38px&#8221; header_letter_spacing=&#8221;2px&#8221; header_line_height=&#8221;0.7em&#8221; background_layout=&#8221;dark&#8221; custom_margin=&#8221;-78px||||false|false&#8221; custom_margin_tablet=&#8221;-57px||||false|false&#8221; custom_margin_phone=&#8221;-10px||-11px||false|false&#8221; custom_margin_last_edited=&#8221;on|phone&#8221; header_text_align_tablet=&#8221;center&#8221; header_text_align_phone=&#8221;center&#8221; header_text_align_last_edited=&#8221;on|tablet&#8221; header_font_size_tablet=&#8221;36px&#8221; header_font_size_phone=&#8221;30px&#8221; header_font_size_last_edited=&#8221;on|tablet&#8221; header_line_height_tablet=&#8221;1.1em&#8221; header_line_height_phone=&#8221;0.9em&#8221; header_line_height_last_edited=&#8221;on|phone&#8221; locked=&#8221;off&#8221; global_colors_info=&#8221;{}&#8221;]<\/p>\n<h1>Dans les m\u00e9dias<\/h1>\n<p>[\/et_pb_text][\/et_pb_column][\/et_pb_row][\/et_pb_section][et_pb_section fb_built=&#8221;1&#8243; admin_label=&#8221;Media liens&#8221; _builder_version=&#8221;4.27.0&#8243; _module_preset=&#8221;default&#8221; background_color=&#8221;#d4e7f8&#8243; custom_padding=&#8221;4px||4px||true|false&#8221; collapsed=&#8221;on&#8221; global_colors_info=&#8221;{}&#8221;][et_pb_row _builder_version=&#8221;4.27.0&#8243; _module_preset=&#8221;default&#8221; custom_margin=&#8221;-29px||||false|false&#8221; global_colors_info=&#8221;{}&#8221;][et_pb_column type=&#8221;4_4&#8243; _builder_version=&#8221;4.27.0&#8243; _module_preset=&#8221;default&#8221; global_colors_info=&#8221;{}&#8221;][ba_number number=&#8221;2025&#8243; number_alignment=&#8221;center&#8221; number_height=&#8221;74px&#8221; number_width=&#8221;155px&#8221; number_bg_color=&#8221;#223567&#8243; _builder_version=&#8221;4.27.3&#8243; _module_preset=&#8221;default&#8221; number_font=&#8221;|600|||||||&#8221; number_text_color=&#8221;#ffffff&#8221; number_font_size=&#8221;2rem&#8221; title_text_align=&#8221;center&#8221; title_text_color=&#8221;#354559&#8243; title_font_size=&#8221;1.5rem&#8221; hover_enabled=&#8221;0&#8243; border_radii_number=&#8221;on|88px|88px|88px|88px&#8221; global_colors_info=&#8221;{}&#8221; sticky_enabled=&#8221;0&#8243; admin_label=&#8221;2025&#8243;][\/ba_number][et_pb_text ul_type=&#8221;square&#8221; _builder_version=&#8221;4.27.3&#8243; _module_preset=&#8221;default&#8221; text_font=&#8221;|700|||||||&#8221; text_font_size=&#8221;16px&#8221; link_font=&#8221;|700|||on||||&#8221; link_text_color=&#8221;#282828&#8243; link_font_size=&#8221;16px&#8221; ul_font=&#8221;|700|||||||&#8221; ul_text_align=&#8221;left&#8221; ul_text_color=&#8221;#282828&#8243; ul_line_height=&#8221;1.7em&#8221; text_orientation=&#8221;center&#8221; custom_padding=&#8221;10px||20px||false|false&#8221; hover_enabled=&#8221;0&#8243; global_colors_info=&#8221;{}&#8221; sticky_enabled=&#8221;0&#8243; header_line_height=&#8221;0.4em&#8221; text_line_height=&#8221;0.4em&#8221; text_line_height_last_edited=&#8221;on|desktop&#8221; text_line_height_tablet=&#8221;0.4em&#8221; text_line_height_phone=&#8221;0.4em&#8221;]<\/p>\n<ul>\n<li><a href=\"https:\/\/ici.radio-canada.ca\/ohdio\/premiere\/emissions\/moteur-de-recherche\/segments\/rattrapage\/2064477\/comment-mieux-prevenir-apparition-zoonoses-dans-elevages-animaux\" target=\"_blank\" rel=\"noopener\">Comment mieux pr\u00e9venir l\u2019apparition de zoonoses dans les \u00e9levages d\u2019animaux?<\/a> | Moteur de recherche, \u00a0ICI Premi\u00e8re de Radio-Canada<\/li>\n<\/ul>\n<p>[\/et_pb_text][ba_number number=&#8221;2024&#8243; number_alignment=&#8221;center&#8221; number_height=&#8221;74px&#8221; number_width=&#8221;155px&#8221; number_bg_color=&#8221;#223567&#8243; _builder_version=&#8221;4.27.3&#8243; _module_preset=&#8221;default&#8221; number_font=&#8221;|600|||||||&#8221; number_text_color=&#8221;#ffffff&#8221; number_font_size=&#8221;2rem&#8221; title_text_align=&#8221;center&#8221; title_text_color=&#8221;#354559&#8243; title_font_size=&#8221;1.5rem&#8221; hover_enabled=&#8221;0&#8243; border_radii_number=&#8221;on|88px|88px|88px|88px&#8221; global_colors_info=&#8221;{}&#8221; admin_label=&#8221;2024&#8243; sticky_enabled=&#8221;0&#8243;][\/ba_number][et_pb_text ul_type=&#8221;square&#8221; _builder_version=&#8221;4.27.3&#8243; _module_preset=&#8221;default&#8221; text_font=&#8221;|700|||||||&#8221; text_font_size=&#8221;16px&#8221; link_font=&#8221;|700|||on||||&#8221; link_text_color=&#8221;#282828&#8243; link_font_size=&#8221;16px&#8221; ul_font=&#8221;|700|||||||&#8221; ul_text_align=&#8221;left&#8221; ul_text_color=&#8221;#282828&#8243; ul_line_height=&#8221;1.7em&#8221; text_orientation=&#8221;center&#8221; custom_padding=&#8221;10px||30px||false|false&#8221; hover_enabled=&#8221;0&#8243; global_colors_info=&#8221;{}&#8221; text_line_height=&#8221;0.4em&#8221; sticky_enabled=&#8221;0&#8243;]<\/p>\n<ul>\n<li><a href=\"https:\/\/ici.radio-canada.ca\/ohdio\/premiere\/emissions\/meme-frequence\/segments\/rattrapage\/1930619\/precrisa-s-interesse-a-prevention-et-gestion-crises-en-environnement\" target=\"_blank\" rel=\"noopener\">Pr\u00e9crisa : R\u00e9seau de pr\u00e9vention des crises en sant\u00e9<\/a> | M\u00eame fr\u00e9quence, Radio-Canada Bas-Saint-Laurent<\/li>\n<li><a href=\"https:\/\/espum.umontreal.ca\/lespum\/nouvelles\/nouvelle\/news\/detail\/News\/le-frqs-finance-le-reseau-thematique-prevention-recherche-reponses-et-resilience-face-aux-crises-a\/\" target=\"_blank\" rel=\"noopener\">Le FRQS finance le r\u00e9seau th\u00e9matique Pr\u00e9vention, Recherche, R\u00e9ponses et R\u00e9silience face aux Crises affectant la Sant\u00e9 (PR3CRISA) co-dirig\u00e9 par H\u00e9l\u00e8ne Carabin<\/a> \u00a0|\u00a0 \u00c9cole de sant\u00e9 publique de l\u2019Universit\u00e9 de Montr\u00e9al<\/li>\n<li><a href=\"https:\/\/ici.radio-canada.ca\/nouvelle\/2049489\/reseau-recherche-uqar-changement-climat\" target=\"_blank\" rel=\"noopener\">Un nouveau r\u00e9seau de recherche pour mieux pr\u00e9venir les crises<\/a> \u00a0| \u00a0ICI Bas-Saint-Laurent<\/li>\n<li><a href=\"https:\/\/www.uqar.ca\/4521-l-uqar-a-la-tete-d-un-important-reseau-de-recherche-en-sante\/\" target=\"_blank\" rel=\"noopener\">L\u2019UQAR \u00e0 la t\u00eate d\u2019un important r\u00e9seau de recherche en sant\u00e9<\/a> \u00a0| Universit\u00e9 du Qu\u00e9bec \u00e0 Rimouski<\/li>\n<li><a href=\"https:\/\/chairesantedurable.ca\/nouvelles\/guy-poulin-codirige-un-nouveau-reseau-de-recherche-pour-mieux-prevenir-les-crises\/\" target=\"_blank\" rel=\"noopener\">Guy Poulin codirige un nouveau r\u00e9seau de recherche pour mieux pr\u00e9venir les crises<\/a> \u00a0| \u00a0Chaire de recherche en sant\u00e9 durable<\/li>\n<li><a href=\"https:\/\/cresp.ca\/fr\/actualite\/le-frqs-soutient-15-reseaux-thematiques-dont-2-codiriges-par-des-chercheuses-au-cresp\" target=\"_blank\" rel=\"noopener\">Le FRQS soutient 15 r\u00e9seaux th\u00e9matiques, dont 2 codirig\u00e9s par des chercheuses au CReSP<\/a> \u00a0| \u00a0Centre de recherche en sant\u00e9 publique<\/li>\n<\/ul>\n<p>[\/et_pb_text][\/et_pb_column][\/et_pb_row][\/et_pb_section]<\/p>","protected":false},"excerpt":{"rendered":"<p>Dans les m\u00e9dias<div class=\"et_pb_module ba_number ba_number_0\">\n\t\t\t\t\n\t\t\t\t\n\t\t\t\t\n\t\t\t\t\n\t\t\t\t\n\t\t\t\t\n\t\t\t\t<div class=\"et_pb_module_inner\">\n\t\t\t\t\t<div class=\"dtq-module dtq-number\">\n                <div class=\"dtq-number-wrap\">\n                    <div class=\"dtq-number-text\">\n                        2025\n                    <\/div>\n                <\/div>\n                \n            <\/div>\n\t\t\t\t<\/div>\n\t\t\t<\/div> Comment mieux pr\u00e9venir l\u2019apparition de zoonoses dans les \u00e9levages [&hellip;]<\/p>","protected":false},"author":1,"featured_media":0,"parent":0,"menu_order":0,"comment_status":"closed","ping_status":"closed","template":"","meta":{"_seopress_robots_primary_cat":"0","_seopress_titles_title":"","_seopress_titles_desc":"","_seopress_robots_index":"","_et_pb_use_builder":"on","_et_pb_old_content":"<!-- wp:divi\/placeholder \/-->","_et_gb_content_width":"","footnotes":""},"class_list":["post-1634","page","type-page","status-publish","hentry"],"jetpack_sharing_enabled":true,"_links":{"self":[{"href":"https:\/\/precrisa.ca\/en\/wp-json\/wp\/v2\/pages\/1634","targetHints":{"allow":["GET"]}}],"collection":[{"href":"https:\/\/precrisa.ca\/en\/wp-json\/wp\/v2\/pages"}],"about":[{"href":"https:\/\/precrisa.ca\/en\/wp-json\/wp\/v2\/types\/page"}],"author":[{"embeddable":true,"href":"https:\/\/precrisa.ca\/en\/wp-json\/wp\/v2\/users\/1"}],"replies":[{"embeddable":true,"href":"https:\/\/precrisa.ca\/en\/wp-json\/wp\/v2\/comments?post=1634"}],"version-history":[{"count":11,"href":"https:\/\/precrisa.ca\/en\/wp-json\/wp\/v2\/pages\/1634\/revisions"}],"predecessor-version":[{"id":4458,"href":"https:\/\/precrisa.ca\/en\/wp-json\/wp\/v2\/pages\/1634\/revisions\/4458"}],"wp:attachment":[{"href":"https:\/\/precrisa.ca\/en\/wp-json\/wp\/v2\/media?parent=1634"}],"curies":[{"name":"wp","href":"https:\/\/api.w.org\/{rel}","templated":true}]}}