{"id":1334,"date":"2024-08-08T13:31:15","date_gmt":"2024-08-08T17:31:15","guid":{"rendered":"https:\/\/precrisa.ca\/?page_id=1334"},"modified":"2024-08-27T10:52:16","modified_gmt":"2024-08-27T14:52:16","slug":"releve-etudiante","status":"publish","type":"page","link":"https:\/\/precrisa.ca\/en\/releve-etudiante\/","title":{"rendered":"Place \u00e0 la rel\u00e8ve \u00e9tudiante !"},"content":{"rendered":"<p>[et_pb_section fb_built=&#8221;1&#8243; admin_label=&#8221;Header&#8221; _builder_version=&#8221;4.27.0&#8243; _module_preset=&#8221;default&#8221; background_color=&#8221;#FBC163&#8243; width_tablet=&#8221;&#8221; width_phone=&#8221;&#8221; width_last_edited=&#8221;on|tablet&#8221; max_width_tablet=&#8221;&#8221; max_width_phone=&#8221;&#8221; max_width_last_edited=&#8221;on|tablet&#8221; custom_margin=&#8221;||-10px||false|false&#8221; custom_margin_tablet=&#8221;||-10px||false|false&#8221; custom_margin_phone=&#8221;||-10px||false|false&#8221; custom_margin_last_edited=&#8221;on|tablet&#8221; custom_padding=&#8221;|0px||0px|false|false&#8221; global_colors_info=&#8221;{}&#8221;][et_pb_row _builder_version=&#8221;4.27.0&#8243; _module_preset=&#8221;default&#8221; width_tablet=&#8221;80%&#8221; width_phone=&#8221;80%&#8221; width_last_edited=&#8221;on|desktop&#8221; custom_margin=&#8221;||||false|false&#8221; custom_padding=&#8221;||||false|false&#8221; global_colors_info=&#8221;{}&#8221;][et_pb_column type=&#8221;4_4&#8243; _builder_version=&#8221;4.27.0&#8243; _module_preset=&#8221;default&#8221; global_colors_info=&#8221;{}&#8221;][et_pb_text _builder_version=&#8221;4.27.0&#8243; _module_preset=&#8221;5ff55506-da7d-4dd7-b409-9d62c7203201&#8243; text_font=&#8221;DM Sans|500|||||||&#8221; text_text_color=&#8221;#282828&#8243; text_font_size=&#8221;17px&#8221; text_line_height=&#8221;1.6em&#8221; link_font=&#8221;||||on|||#282828|solid&#8221; link_text_color=&#8221;#282828&#8243; header_text_color=&#8221;#282828&#8243; header_2_font=&#8221;|||on|||||&#8221; header_2_text_align=&#8221;center&#8221; header_2_font_size=&#8221;29px&#8221; text_orientation=&#8221;center&#8221; text_font_size_tablet=&#8221;17px&#8221; text_font_size_phone=&#8221;16px&#8221; text_font_size_last_edited=&#8221;on|desktop&#8221; header_font_size_tablet=&#8221;55px&#8221; header_font_size_last_edited=&#8221;off|desktop&#8221; locked=&#8221;off&#8221; global_colors_info=&#8221;{}&#8221;]<\/p>\n<h2><strong>Place \u00e0 la rel\u00e8ve \u00e9tudiante\u00a0!<\/strong><\/h2>\n<p>&nbsp;<\/p>\n<p>Les besoins g\u00e9n\u00e9r\u00e9s par les enjeux auxquels nous faisons face collectivement sont importants. Les besoins en mati\u00e8re de rel\u00e8ve le sont tout aussi.<\/p>\n<p>Vous souhaitez donner un sens concret \u00e0 vos travaux de recherche \u00e9tudiante? Vous cherchez du mentorat suppl\u00e9mentaire ou de l\u2019expertise compl\u00e9mentaire pour vous accompagner dans votre recherche? Vous souhaitez \u00e9largir vos horizons en vous liant avec d\u2019autres chercheuses \u00e9tudiantes, chercheurs \u00e9tudiants?<\/p>\n<p>Peu importe votre secteur d\u2019\u00e9tudes, vous pouvez contribuer au Pr\u00e9crisa et b\u00e9n\u00e9ficier de son soutien et de ses services \u00e0 titre de membre \u00e9tudiant\u00b7e. Le Conseil \u00e9tudiant du Pr\u00e9crisa, qui participe activement \u00e0 la vie scientifique et \u00e0 la mobilisation d\u2019une communaut\u00e9 \u00e9tudiante \u00e0 travers le Qu\u00e9bec, peut \u00e9galement vous soutenir dans votre d\u00e9marche.<\/p>\n<p>Vous avez des questions?<\/p>\n<p><a href=\"mailto:marjolaine.rivest-beauregard@mail.mcgill.ca\">Contactez votre repr\u00e9sentante \u00e9tudiante<\/a> !<\/p>\n<p>[\/et_pb_text][\/et_pb_column][\/et_pb_row][\/et_pb_section][et_pb_section fb_built=&#8221;1&#8243; custom_padding_last_edited=&#8221;on|tablet&#8221; admin_label=&#8221;3 Buttons&#8221; _builder_version=&#8221;4.27.0&#8243; background_color=&#8221;#095C9C&#8221; custom_padding=&#8221;0||0||false|false&#8221; custom_padding_tablet=&#8221;||||false|false&#8221; custom_padding_phone=&#8221;&#8221; locked=&#8221;off&#8221; global_colors_info=&#8221;{}&#8221;][et_pb_row column_structure=&#8221;1_3,1_3,1_3&#8243; use_custom_gutter=&#8221;on&#8221; gutter_width=&#8221;1&#8243; make_equal=&#8221;on&#8221; custom_padding_last_edited=&#8221;off|desktop&#8221; _builder_version=&#8221;4.27.0&#8243; width=&#8221;100%&#8221; max_width=&#8221;100%&#8221; custom_margin=&#8221;|||&#8221; custom_padding=&#8221;0px||0px||true|false&#8221; custom_padding_tablet=&#8221;20px|||&#8221; animation_direction=&#8221;bottom&#8221; use_custom_width=&#8221;on&#8221; width_unit=&#8221;off&#8221; custom_width_percent=&#8221;100%&#8221; global_colors_info=&#8221;{}&#8221;][et_pb_column type=&#8221;1_3&#8243; _builder_version=&#8221;4.27.0&#8243; custom_padding=&#8221;|||&#8221; border_radii_tablet=&#8221;&#8221; border_radii_phone=&#8221;&#8221; border_radii_last_edited=&#8221;on|tablet&#8221; global_colors_info=&#8221;{}&#8221; custom_padding__hover=&#8221;|||&#8221;][et_pb_blurb title=&#8221; Contact&#8221; use_icon=&#8221;on&#8221; font_icon=&#8221;&#xf0e0;||fa||900&#8243; icon_color=&#8221;#ffffff&#8221; image_icon_width=&#8221;30px&#8221; content_max_width_tablet=&#8221;&#8221; content_max_width_phone=&#8221;&#8221; content_max_width_last_edited=&#8221;on|phone&#8221; admin_label=&#8221;Contact&#8221; _builder_version=&#8221;4.27.0&#8243; header_font=&#8221;&#8211;et_global_heading_font|700|||||||&#8221; background_color=&#8221;#74C6CA&#8221; image_icon_custom_margin=&#8221;15px||3px||false|false&#8221; image_icon_custom_margin_tablet=&#8221;5px||-3px||false|false&#8221; image_icon_custom_margin_phone=&#8221;5px||-3px||false|false&#8221; image_icon_custom_margin_last_edited=&#8221;on|desktop&#8221; text_orientation=&#8221;center&#8221; background_layout=&#8221;dark&#8221; custom_margin=&#8221;|||&#8221; custom_padding=&#8221;40px|20px|30px|20px|false|true&#8221; custom_padding_tablet=&#8221;20px||10px|&#8221; custom_padding_phone=&#8221;&#8221; custom_padding_last_edited=&#8221;on|desktop&#8221; link_option_url=&#8221;mailto:marjolaine.rivest-beauregard@mail.mcgill.ca&#8221; border_radii=&#8221;||||&#8221; border_radii_tablet=&#8221;||||&#8221; border_radii_phone=&#8221;on||||&#8221; border_radii_last_edited=&#8221;on|phone&#8221; locked=&#8221;off&#8221; global_colors_info=&#8221;{}&#8221;][\/et_pb_blurb][\/et_pb_column][et_pb_column type=&#8221;1_3&#8243; _builder_version=&#8221;4.16&#8243; custom_padding=&#8221;|||&#8221; global_colors_info=&#8221;{}&#8221; custom_padding__hover=&#8221;|||&#8221;][et_pb_blurb title=&#8221; Balado  sur la rel\u00e8ve en recherche en pr\u00e9paration de crise&#8221; url_new_window=&#8221;on&#8221; use_icon=&#8221;on&#8221; font_icon=&#8221;&#xe0a8;||divi||400&#8243; icon_color=&#8221;#1ed760&#8243; image_icon_width=&#8221;30px&#8221; admin_label=&#8221;Balado&#8221; _builder_version=&#8221;4.27.0&#8243; header_font=&#8221;&#8211;et_global_heading_font|600|||||||&#8221; header_font_size=&#8221;16px&#8221; background_color=&#8221;#095C9C&#8221; image_icon_custom_margin=&#8221;-19px||-11px||false|false&#8221; image_icon_custom_margin_tablet=&#8221;-1px||-4px||false|false&#8221; image_icon_custom_margin_phone=&#8221;||-5px||false|false&#8221; image_icon_custom_margin_last_edited=&#8221;on|phone&#8221; text_orientation=&#8221;center&#8221; background_layout=&#8221;dark&#8221; custom_margin=&#8221;|||&#8221; custom_padding=&#8221;40px|20px|30px|20px|false|true&#8221; custom_padding_tablet=&#8221;20px||10px|&#8221; custom_padding_phone=&#8221;&#8221; custom_padding_last_edited=&#8221;on|desktop&#8221; link_option_url=&#8221;https:\/\/open.spotify.com\/episode\/3fzcgoaxHxrvSu4Ug41MDl&#8221; link_option_url_new_window=&#8221;on&#8221; locked=&#8221;off&#8221; global_colors_info=&#8221;{}&#8221; image_icon_custom_margin__hover_enabled=&#8221;on|desktop&#8221; image_icon_custom_margin__hover=&#8221;-19px||-11px||false|false&#8221;]<\/p>\n<p><em>Une coproduction RIISQ et Pr\u00e9crisa<\/em><\/p>\n<p>[\/et_pb_blurb][\/et_pb_column][et_pb_column type=&#8221;1_3&#8243; _builder_version=&#8221;4.27.0&#8243; custom_padding=&#8221;|||&#8221; global_colors_info=&#8221;{}&#8221; custom_padding__hover=&#8221;|||&#8221;][et_pb_blurb title=&#8221;Devenez membre&#8221; use_icon=&#8221;on&#8221; font_icon=&#8221;&#x35;||divi||400&#8243; icon_color=&#8221;#74C6CA&#8221; image_icon_width=&#8221;50px&#8221; image_icon_width_tablet=&#8221;50px&#8221; image_icon_width_phone=&#8221;50px&#8221; image_icon_width_last_edited=&#8221;on|phone&#8221; admin_label=&#8221;Devenez membre&#8221; _builder_version=&#8221;4.27.0&#8243; header_font=&#8221;&#8211;et_global_heading_font|700|||||||&#8221; header_text_color=&#8221;#ffffff&#8221; background_color=&#8221;#223567&#8243; image_icon_custom_margin=&#8221;1px||-3px||false|false&#8221; image_icon_custom_margin_tablet=&#8221;-10px||||false|false&#8221; image_icon_custom_margin_phone=&#8221;-2px||-18px||false|false&#8221; image_icon_custom_margin_last_edited=&#8221;on|desktop&#8221; text_orientation=&#8221;center&#8221; background_layout=&#8221;dark&#8221; custom_margin=&#8221;|||&#8221; custom_padding=&#8221;40px|20px|30px|20px|false|true&#8221; custom_padding_tablet=&#8221;20px||10px|&#8221; custom_padding_phone=&#8221;&#8221; custom_padding_last_edited=&#8221;on|desktop&#8221; link_option_url=&#8221;https:\/\/precrisa.ca\/impliquer\/&#8221; background_color_tablet=&#8221;#223567&#8243; background_color_phone=&#8221;#223567&#8243; background_last_edited=&#8221;on|desktop&#8221; background_enable_color_tablet=&#8221;on&#8221; background_enable_color_phone=&#8221;on&#8221; global_colors_info=&#8221;{}&#8221;][\/et_pb_blurb][\/et_pb_column][\/et_pb_row][\/et_pb_section][et_pb_section fb_built=&#8221;1&#8243; background_color_gradient_stops_1=&#8221;#2b87da 0%|#c7cbd4 100%&#8221; background_color_gradient_end_1=&#8221;#c7cbd4&#8243; admin_label=&#8221;Mot&#8221; _builder_version=&#8221;4.27.0&#8243; background_color=&#8221;#223567&#8243; custom_padding=&#8221;0|0px|0|0px|false|false&#8221; locked=&#8221;off&#8221; global_colors_info=&#8221;{}&#8221;][et_pb_row column_structure=&#8221;2_3,1_3&#8243; use_custom_gutter=&#8221;on&#8221; gutter_width=&#8221;1&#8243; make_equal=&#8221;on&#8221; padding_top_bottom_link_1=&#8221;true&#8221; padding_top_bottom_link_2=&#8221;true&#8221; admin_label=&#8221;Two CTA Row&#8221; module_class=&#8221; et_pb_row_fullwidth&#8221; _builder_version=&#8221;4.27.0&#8243; background_color=&#8221;#def5f7&#8243; width=&#8221;100%&#8221; width_tablet=&#8221;100%&#8221; width_phone=&#8221;100%&#8221; width_last_edited=&#8221;on|desktop&#8221; max_width=&#8221;100%&#8221; max_width_tablet=&#8221;100%&#8221; max_width_phone=&#8221;100%&#8221; max_width_last_edited=&#8221;on|desktop&#8221; custom_padding=&#8221;0px|0px|0px|0px&#8221; make_fullwidth=&#8221;on&#8221; global_colors_info=&#8221;{}&#8221;][et_pb_column type=&#8221;2_3&#8243; _builder_version=&#8221;4.27.0&#8243; custom_padding=&#8221;120px|80px|120px|10%&#8221; custom_padding_tablet=&#8221;|10%||10%||true&#8221; custom_padding_phone=&#8221;|10%||10%||true&#8221; custom_padding_last_edited=&#8221;on|tablet&#8221; global_colors_info=&#8221;{}&#8221; padding_tablet=&#8221;|10%||10%||true&#8221; padding_last_edited=&#8221;on|tablet&#8221; custom_padding__hover=&#8221;|||&#8221; padding_phone=&#8221;|10%||10%||true&#8221;][et_pb_text admin_label=&#8221;Mot&#8221; _builder_version=&#8221;4.27.0&#8243; text_font=&#8221;&#8211;et_global_heading_font|600|||||||&#8221; text_text_color=&#8221;#282828&#8243; text_font_size=&#8221;15.5px&#8221; text_line_height=&#8221;1.5em&#8221; quote_font=&#8221;||||||||&#8221; header_font=&#8221;||||||||&#8221; header_text_color=&#8221;#223567&#8243; header_2_font=&#8221;Rubik|700|||||||&#8221; header_2_font_size=&#8221;40px&#8221; header_2_line_height=&#8221;1.4em&#8221; header_5_font=&#8221;&#8211;et_global_heading_font|700||on|||||&#8221; header_5_text_color=&#8221;#095C9C&#8221; header_5_letter_spacing=&#8221;4px&#8221; header_5_line_height=&#8221;1.2em&#8221; background_layout=&#8221;dark&#8221; max_width=&#8221;600px&#8221; max_width_tablet=&#8221;&#8221; max_width_phone=&#8221;&#8221; max_width_last_edited=&#8221;on|phone&#8221; custom_margin=&#8221;|||&#8221; custom_margin_tablet=&#8221;|70px||70px&#8221; custom_margin_phone=&#8221;|50px||50px&#8221; custom_margin_last_edited=&#8221;off|desktop&#8221; custom_padding=&#8221;|||40px&#8221; text_line_height_last_edited=&#8221;off|desktop&#8221; header_2_font_size_tablet=&#8221;&#8221; header_2_font_size_phone=&#8221;30px&#8221; header_2_font_size_last_edited=&#8221;on|phone&#8221; border_color_all=&#8221;RGBA(255,255,255,0)&#8221; border_width_left=&#8221;8px&#8221; border_color_left=&#8221;#b1e4e9&#8243; locked=&#8221;off&#8221; inline_fonts=&#8221;Sacramento&#8221; global_colors_info=&#8221;{}&#8221;]<\/p>\n<h5>Un mot de votre repr\u00e9sentante \u00e9tudiante<\/h5>\n<p>&nbsp;<\/p>\n<p>Ch\u00e8res coll\u00e8gues \u00e9tudiantes,<br \/>Chers coll\u00e8gues \u00e9tudiants,<\/p>\n<p>Mon nom est Marjolaine Rivest-Beauregard. Je suis \u00e9tudiante au doctorat en recherche en sant\u00e9 mentale \u00e0 l\u2019Universit\u00e9 McGill et \u00e9galement la repr\u00e9sentante \u00e9tudiante au Conseil scientifique du Pr\u00e9crisa. Au cours des derni\u00e8res ann\u00e9es, j\u2019ai eu la chance de travailler aupr\u00e8s de la direction du r\u00e9seau afin de cr\u00e9er une gouvernance \u00e9tudiante et un programme d\u2019activit\u00e9s et de formation qui saura mettre de l\u2019avant la rel\u00e8ve \u00e9tudiante qu\u00e9b\u00e9coise en pr\u00e9paration et en gestion de crise.<\/p>\n<p>La rel\u00e8ve \u00e9tudiante repr\u00e9sente une force de travail et d\u2019innovation importante au sein de la recherche. \u00c9tant encore \u00e0 l\u2019aube de la cr\u00e9ation d\u2019une communaut\u00e9 de recherche en pr\u00e9paration et gestion de crise, il est temps de mettre nos membres \u00e9tudiant\u00b7e\u00b7s de l\u2019avant. Notre objectif est donc d\u2019offrir des opportunit\u00e9s d\u2019apprentissage compl\u00e9mentaires au curriculum universitaire typique et n\u00e9cessaire \u00e0 la pr\u00e9paration et gestion de crise, comme des comp\u00e9tences interdisciplinaires, de communication, et bien plus.<\/p>\n<p>En tant que membres de la rel\u00e8ve \u00e9tudiante en pr\u00e9paration et gestion de crise, une opportunit\u00e9 excitante se pr\u00e9sente \u00e0 nous : l\u2019opportunit\u00e9 de b\u00e2tir une communaut\u00e9 et une identit\u00e9 commune. La pand\u00e9mie nous a rappel\u00e9 l\u2019importance de l\u2019interdisciplinarit\u00e9 et de tout ce que nous pouvons accomplir lorsque nous avons un but commun. Nous avons le pouvoir de nous assurer que cette le\u00e7on ne soit pas oubli\u00e9e et que la communaut\u00e9 scientifique soit pr\u00eate \u00e0 affronter les futures crises.<\/p>\n<p>Joignez-vous \u00e0 moi dans cette aventure qui nous permettra de devenir de futur\u00b7es chercheur\u00b7es chevronn\u00e9\u00b7es en pr\u00e9paration et gestion de crise, tout en pavant la voie pour les rel\u00e8ves futures!<\/p>\n<p>[\/et_pb_text][\/et_pb_column][et_pb_column type=&#8221;1_3&#8243; _builder_version=&#8221;4.27.0&#8243; background_color_gradient_direction=&#8221;90deg&#8221; background_color_gradient_start=&#8221;#ff7355&#8243; background_color_gradient_end=&#8221;rgba(255,115,85,0.6)&#8221; background_image=&#8221;https:\/\/precrisa.ca\/wp-content\/uploads\/2024\/08\/Marjorie.jpg&#8221; background_position=&#8221;top_center&#8221; custom_padding=&#8221;120px|10%|120px|80px&#8221; custom_padding_tablet=&#8221;|10%||10%||true&#8221; custom_padding_phone=&#8221;|10%||10%||true&#8221; custom_padding_last_edited=&#8221;on|tablet&#8221; background_last_edited=&#8221;on|desktop&#8221; global_colors_info=&#8221;{}&#8221; padding_tablet=&#8221;|10%||10%||true&#8221; padding_last_edited=&#8221;on|tablet&#8221; custom_padding__hover=&#8221;|||&#8221; padding_phone=&#8221;|10%||10%||true&#8221;][et_pb_divider color=&#8221;rgba(0,0,0,0)&#8221; admin_label=&#8221;Divider&#8221; _builder_version=&#8221;4.27.0&#8243; height=&#8221;340px&#8221; locked=&#8221;off&#8221; global_colors_info=&#8221;{}&#8221;][\/et_pb_divider][\/et_pb_column][\/et_pb_row][\/et_pb_section]<\/p>","protected":false},"excerpt":{"rendered":"<p>Place \u00e0 la rel\u00e8ve \u00e9tudiante\u00a0! &nbsp; Les besoins g\u00e9n\u00e9r\u00e9s par les enjeux auxquels nous faisons face collectivement sont importants. Les besoins en mati\u00e8re de rel\u00e8ve le sont tout aussi. Vous [&hellip;]<\/p>","protected":false},"author":1,"featured_media":0,"parent":0,"menu_order":0,"comment_status":"closed","ping_status":"closed","template":"","meta":{"_seopress_robots_primary_cat":"0","_seopress_titles_title":"","_seopress_titles_desc":"","_seopress_robots_index":"","_et_pb_use_builder":"on","_et_pb_old_content":"<!-- wp:divi\/placeholder \/-->","_et_gb_content_width":"","footnotes":""},"class_list":["post-1334","page","type-page","status-publish","hentry"],"jetpack_sharing_enabled":true,"_links":{"self":[{"href":"https:\/\/precrisa.ca\/en\/wp-json\/wp\/v2\/pages\/1334","targetHints":{"allow":["GET"]}}],"collection":[{"href":"https:\/\/precrisa.ca\/en\/wp-json\/wp\/v2\/pages"}],"about":[{"href":"https:\/\/precrisa.ca\/en\/wp-json\/wp\/v2\/types\/page"}],"author":[{"embeddable":true,"href":"https:\/\/precrisa.ca\/en\/wp-json\/wp\/v2\/users\/1"}],"replies":[{"embeddable":true,"href":"https:\/\/precrisa.ca\/en\/wp-json\/wp\/v2\/comments?post=1334"}],"version-history":[{"count":22,"href":"https:\/\/precrisa.ca\/en\/wp-json\/wp\/v2\/pages\/1334\/revisions"}],"predecessor-version":[{"id":2756,"href":"https:\/\/precrisa.ca\/en\/wp-json\/wp\/v2\/pages\/1334\/revisions\/2756"}],"wp:attachment":[{"href":"https:\/\/precrisa.ca\/en\/wp-json\/wp\/v2\/media?parent=1334"}],"curies":[{"name":"wp","href":"https:\/\/api.w.org\/{rel}","templated":true}]}}